{"id":58,"date":"2015-12-26T18:29:36","date_gmt":"2015-12-26T18:29:36","guid":{"rendered":"http:\/\/wp12612379.server-he.de\/?page_id=58"},"modified":"2024-11-11T21:16:25","modified_gmt":"2024-11-11T20:16:25","slug":"deutsch-bornavirusinfektion","status":"publish","type":"page","link":"https:\/\/scholbach.de\/de\/deutsch-bornavirusinfektion","title":{"rendered":"Bornavirusinfektion"},"content":{"rendered":"<p><strong>Aktuelle Pressemitteilung aus Bayern <a href=\"https:\/\/scholbach.de\/deutsch-bornavirusinfektion\/#unzutreffend\">unzutreffend<\/a> (s.u.)<\/strong><\/p>\n<p>Die Bornavirusinfektion f\u00fchrt bei zahlreichen S\u00e4ugetieren (Pferde, Katzen, &#8230;), V\u00f6geln und auch beim Menschen zu verschiedenartigen Krankheitserscheinungen. Mit der Entwicklung neuer Virusnachweismethoden durch Frau PD Dr. Liv Bode am Robert-Koch-Institut ist es uns in <a title=\"http:\/\/www.ncbi.nlm.nih.gov\/pubmed\/18771107\" href=\"https:\/\/onlinelibrary.wiley.com\/doi\/pdf\/10.1111\/j.1600-0463.2008.00m16.x\" target=\"_blank\" rel=\"noopener noreferrer\">gemeinsamen Untersuchungen an Kindern und Erwachsenen<\/a> gelungen, genauere Vorstellungen von der H\u00e4ufigkeit und den alterstypischen Krankheitssymptomen zu gewinnen. W\u00e4hrend bei Kindern Ess- und Schluckst\u00f6rungen und im sp\u00e4teren Alter Gang- und Konzentrationsst\u00f6rungen zu beobachten waren, klagen erwachsene Patienten oft \u00fcber psychische Beschwerden, meist Depressionen. Das Bornavirus wird sehr h\u00e4ufig im fr\u00fchen Kindesalter erstmals nachgewiesen und dann vom normalen Immunsystem unterdr\u00fcckt. Die allermeisten Kinder bleiben daher symptomfrei. \u00c4hnlich wie das Windpockenvirus verbleibt das Bornavirus aber in Nervenzellen und kann reaktiviert werden. Dann kann man mit den modernen Testverfahren die Virusvermehrung nachweisen. Sollte die Virusreplikation nicht vom Immunsystem unterdr\u00fcckt werden, kann es bei chronischem Verlauf zu den erw\u00e4hnten Krankheitserscheinungen kommen. Sind andere Erkrankungen ausgeschlossen worden und ist der Leidensdruck sehr hoch, kann bei anhaltender Virusaktivit\u00e4t eine Therapie angeraten sein, die die Virusvermehrung unterbindet.<\/p>\n<p><a title=\"Bornavirusliteratur zum nichtkommerziellen Gebrauch\" href=\"https:\/\/scholbach.de\/deutsch-bornavirusinfektion\/bornavirusliteratur-zum-nichtkommerziellen-gebrauch\"><strong>Aufgrund des aktuell starken, allgemeinen Interesses stelle ich auf Anfrage wissenschaftliche Literatur zur Bornavirusinfektion zur Verf\u00fcgung<\/strong>.<\/a><\/p>\n<h3><a href=\"https:\/\/bmcpharmacoltoxicol.biomedcentral.com\/articles\/10.1186\/s40360-020-0391-x\">Am 17.02.2020 erschien eine bedeutende Arbeit der Forschungsgruppe um Frau Bode und Herrn Dietrich, die die Sicherheit der Amantadintherapie der Bornavirusinfektion bei Depressionen und vor allem deren signifikant bessere Wirkung im Vergleich zu einem Placebo nachwies.<\/a><\/h3>\n<p>Verschiedene Labors bieten Untersuchungen zum Nachweis von Bornaviren an. <a href=\"https:\/\/www.europarclabor.com\/borna-virus\">Dieses Labor<\/a> nutzt die hochempfindliche Nachweismethode von Bode\/Ludwig, die Grundlage meiner eigenen Ver\u00f6ffentlichung war: <a href=\"https:\/\/scholbach.de\/deutsch-bornavirusinfektion\/bornavirusliteratur-zum-nichtkommerziellen-gebrauch\/2008-borna-disease-virus-infection-in-young-children-scholbach-bode-apmis\" rel=\"attachment wp-att-2800\">2008 &#8211; Borna Disease Virus infection in young children &#8211; Scholbach, Bode &#8211; Apmis<\/a>.<\/p>\n<p>&nbsp;<\/p>\n<p>Eine Zusammenfassung der Erkenntnisse unserer Arbeitsgruppe habe ich in <a href=\"https:\/\/scholbach.de\/deutsch-bornavirusinfektion\/bornavirusliteratur-zum-nichtkommerziellen-gebrauch\/busan-bv-infection-2010-07-22\">meinem Vortrag f\u00fcr den 1st World Congress Virus and Infections Emerging and Zoonotic Infections<\/a><br \/>\nBusan South Korea August 1, 2010 gegeben.<\/p>\n<p>&nbsp;<\/p>\n<p><strong>Nachdem lange Zeit <a href=\"https:\/\/www.aerzteblatt.de\/archiv\/55693\/Bornavirus-Kontroverse-um-Humanpathogenitaet\" target=\"_blank\" rel=\"noopener noreferrer\">vom Robert-Koch-Institut die Humanpathogenit\u00e4t des Bornavirus in Zweifel gezogen<\/a> wurde, best\u00e4tigt es nun (<a href=\"http:\/\/www.spiegel.de\/gesundheit\/diagnose\/bornavirus-drei-todesfaelle-in-deutschland-a-1200035.html\" target=\"_blank\" rel=\"noopener noreferrer\">27.03.2018<\/a>) <a href=\"https:\/\/www.rki.de\/DE\/Content\/Infekt\/EpidBull\/Archiv\/2018\/10\/Art_02.html\" target=\"_blank\" rel=\"noopener noreferrer\">drei Todesf\u00e4lle von deutschen Patienten<\/a> nach einer Bornavirusinfektion. Lange schon war bekannt, dass das Bornavirus auch Menschen bef\u00e4llt. <a href=\"http:\/\/www.thelancet.com\/journals\/lancet\/article\/PIIS0140-6736(05)79891-3\/abstract\">Bereits 1998<\/a> hatten Berliner Forscher Virusproteine und Antik\u00f6rper im Hirnwasser von Patienten nachgewiesen. Die ma\u00dfgeblichen Forschungen wurden damals am RKI von Frau Dr. Bode und an der FU Berlin von Prof. Hanns Ludwig durchgef\u00fchrt.<a href=\"https:\/\/scholbach.de\/wp-content\/uploads\/2018\/04\/Dankesrede-Bode.pdf\" rel=\"noopener\"> Frau Dr. Bode hat 2007 den Whistleblower-Preis des Verbandes Deutscher Wissenschaftler<\/a> f\u00fcr ihren mutigen Einsatz zum Erhalt der Bornavirus-Forschung am RKI erhalten. Ihre Forschungsgruppe wurde dennoch geschlossen.<br \/>\n<\/strong><\/p>\n<p><strong>Nun hat die <a href=\"https:\/\/vdw-ev.de\/stellungnahme-zu-todesfaellen-durch-bornavirus-infektion\/\">Vereinigung Deutscher Wissenschaftler<\/a> die Leitungen des Robert-Koch-Instituts und der Gesellschaft f\u00fcr Virologie zu einer \u00f6ffentlichen Stellungnahme aufgefordert, da der Leitung des Robert-Koch-Institutes bereits vor mehr als 11 Jahren bekannt war, dass erhebliche Gesundheitsrisiken f\u00fcr die Bev\u00f6lkerung bestehen, wenn bei Gewebespenden Bornavirus-Untersuchungen der Spender unterlassen werden.<\/strong><\/p>\n<p>Eine Bornavirusinfektion kann <a href=\"https:\/\/www.infranken.de\/regional\/franken\/25-jaehriger-student-stirbt-in-franken-an-pferdevirus-bodv-1-erstmals-bei-menschen-nachgewiesen;art58454,3748231\">schwere<\/a> (und leichte) <a href=\"https:\/\/www.heilpraxisnet.de\/naturheilpraxis\/bornaviren-BoDV-koennen-sogar-fuer-gesunde-menschen-zur-lebensgefahr-werden-20181006427341\">Hirnentz\u00fcndungen beim Menschen<\/a> ausl\u00f6sen &#8211; das war den Forschern auf diesem Gebiet schon lange bekannt, wurde jetzt aber im Licht der Erfahrungen mit der Infektion bei Organspendern sozusagen neu entdeckt. (Publikation einer Arbeitsgruppe aus Erlangen im <a href=\"https:\/\/www.nejm.org\/doi\/full\/10.1056\/NEJMc1800724\">New England Journal of Medicine<\/a> &#8211; die international f\u00fchrende Arbeitsgruppe am Robert-Koch-Institut war gegen den Widerstand der Forscher (Frau PD Dr. Liv Bode) vor Jahren von der Institutsleitung geschlossen worden, danach wurde regelm\u00e4\u00dfig die Brisanz der Infektion geleugnet).<\/p>\n<p><a id=\"unzutreffend\"><\/a>Leider werden in der <a href=\"https:\/\/www.merkur.de\/bayern\/regensburg\/borna-virus-bayern-infektion-tote-symptome-wissenschaftler-katzen-maus-zr-90113642.html\">bayrischen Laienpresse falsche Informationen<\/a> \u00fcber die Bornavirusinfektion verbreitet. Die dort ge\u00e4u\u00dferten Vermutungen beruhen auf einer Befragung (sic!) von 8 (!) Angeh\u00f6rigen von schwer Erkrankten: Die Studienleiterin (lt. Bayrischem Merkur \u00c4rztin und Epidemiologin), <a href=\"https:\/\/pubmed.ncbi.nlm.nih.gov\/?term=%28Poertner%5BAuthor%5D+OR+P%C3%B6rtner%5BAuthor%5D+%29+AND+%28Borna%5BTitle%5D%29&amp;sort=date\">bisher nicht mit wissenschaftlichen Arbeiten zum Thema hervorgetrete<\/a>n (sondern mit <a href=\"https:\/\/edoc.rki.de\/handle\/176904\/6428\">Hausmitteilungen zu Durchfallerregern<\/a>), arbeitet am RKI, wo man vor Jahren schon weitergehende Erkenntnisse hatte (Publikationen von Bode et al.). Allerdings focht\u00a0 Frau Bode nicht mit dem &#8222;scharfen Schwert&#8220; der Befragung von\u00a0 weniger als zwei Handvoll Angeh\u00f6rigen sondern f\u00fchrte\u00a0 <a href=\"https:\/\/pubmed.ncbi.nlm.nih.gov\/?term=%28Bode+%5BAuthor%5D%29+AND+%28Borna%5BTitle%5D%29\">eigene Untersuchungen<\/a> an ungez\u00e4hlten Patienten und Probanden durch. F\u00fcr Ihren Widerstand gegen die Unterdr\u00fcckung ihrer Forschungsergebnisse erhielt sie den <a href=\"https:\/\/scholbach.de\/wp-content\/uploads\/2018\/04\/Dankesrede-Bode.pdf\">Whistleblower Preis<\/a>. Ihre <a href=\"https:\/\/www.thelancet.com\/journals\/laninf\/article\/PIIS1473-3099(20)30380-7\/fulltext\">Erwiderung<\/a> zur vorgenannten These ist hier zu lesen und l\u00e4sst an Klarheit nichts zu w\u00fcnschen \u00fcbrig.<\/p>\n<p>&nbsp;<\/p>\n<p>&nbsp;<\/p>\n<h1>Lokalisationen des Bornavirus<\/h1>\n<p>Der Hippocampus des menschlichen Gehirns ist wegen seiner \u00c4hnlichkeit nach dem Seepferdchen (lat. Hippocampus) benannt. Die Amygdala, der Mandelkern, ist Sitz von Emotionen und Motivation:<\/p>\n<div class=\"captionedimage\"><img decoding=\"async\" class=\"wp-image-323 size-full aligncenter\" src=\"http:\/\/wp12612379.server-he.de\/wp-content\/uploads\/2016\/06\/Hippocampus_-Seepferd.jpg\" alt=\"Hippocampus\" width=\"50%\" height=\"auto\" srcset=\"https:\/\/scholbach.de\/wp-content\/uploads\/2016\/06\/Hippocampus_-Seepferd.jpg 798w, https:\/\/scholbach.de\/wp-content\/uploads\/2016\/06\/Hippocampus_-Seepferd-300x192.jpg 300w\" sizes=\"(max-width: 798px) 100vw, 798px\" \/>Bildquelle: modifiziert nach Prof. Seress in http:\/\/en.wikipedia.org\/wiki\/Hippocampus<\/div>\n<p>Die folgende Abbildung zeigt die Lage des Hippocampus und der Amygdala im Gehirn. Hier manifestiert sich oft die Bornavirusinfektion:<\/p>\n<div class=\"captionedimage\"><img decoding=\"async\" class=\"wp-image-324 size-full aligncenter\" src=\"http:\/\/wp12612379.server-he.de\/wp-content\/uploads\/2016\/06\/Hippocampus.png\" alt=\"Hippocampus\" width=\"50%\" height=\"auto\" srcset=\"https:\/\/scholbach.de\/wp-content\/uploads\/2016\/06\/Hippocampus.png 667w, https:\/\/scholbach.de\/wp-content\/uploads\/2016\/06\/Hippocampus-300x292.png 300w\" sizes=\"(max-width: 667px) 100vw, 667px\" \/> Bildquelle: http:\/\/en.wikipedia.org\/wiki\/Hippocampus<\/div>\n<p>Das Kleinhirn (rot), verantwortlich f\u00fcr die Bewegungskoordination und die K\u00f6rperbalance, ist eine weitere Lokalisation der Bornavirusinfektion:<\/p>\n<div class=\"captionedimage\"><img decoding=\"async\" class=\"wp-image-325 size-full aligncenter\" src=\"http:\/\/wp12612379.server-he.de\/wp-content\/uploads\/2016\/06\/Cerebellum_animation_small.gif\" alt=\"Cerebellum_animation_small\" width=\"50%\" height=\"auto\" \/> Bildquelle: http:\/\/en.wikipedia.org\/wiki\/Cerebellum<\/div>\n<h1>Literatur<\/h1>\n<h2>Zum Download<\/h2>\n<ul>\n<li><a href=\"http:\/\/wp12612379.server-he.de\/wp-content\/uploads\/2015\/12\/Borna-disease-virus-and-mental-health.pdf\">Borna disease virus infection a human mental-health risk<\/a> (\u00dcbersichtsarbeit der bekanntesten deutschen Bornavirusforscher zum Zusammenhang der Bornavirusinfektion mit psychischen Erkrankungen des Menschen)<\/li>\n<li><a href=\"http:\/\/wp12612379.server-he.de\/wp-content\/uploads\/2015\/12\/Borna-virus-infection-in-children.pdf\">Borna virus infection in children<\/a> (Eigene Studie zur Pr\u00e4valenz der Bornavirusinfektion im Kindesalter)<\/li>\n<\/ul>\n<h2>Weiterf\u00fchrende Literatur<\/h2>\n<ul>\n<li><a href=\"http:\/\/www.ncbi.nlm.nih.gov\/pmc\/articles\/PMC4167498\/\" target=\"_blank\" rel=\"noopener noreferrer\">Borna disease virus (BDV) infection in psychiatric patients and healthy controls in Iran (2014)<\/a><\/li>\n<li><a href=\"http:\/\/journals.plos.org\/plosone\/article?id=10.1371\/journal.pone.0066623\" target=\"_blank\" rel=\"noopener noreferrer\">Human but Not Laboratory Borna Disease Virus Inhibits Proliferation and Induces Apoptosis in Human Oligodendrocytes In Vitro (2013)<\/a><\/li>\n<li><a href=\"http:\/\/www.pnas.org\/content\/110\/5\/1899.long\" target=\"_blank\" rel=\"noopener noreferrer\">Borna disease virus-induced neuronal degeneration dependent on host genetic background and prevented by soluble factors (2013)<\/a><\/li>\n<li><a href=\"http:\/\/journals.plos.org\/plosone\/article?id=10.1371\/journal.pone.0041476\" target=\"_blank\" rel=\"noopener noreferrer\">TNF-Overexpression in Borna Disease Virus-Infected Mouse Brains Triggers Inflammatory Reaction and Epileptic Seizures (2012)<\/a><\/li>\n<li><a href=\"http:\/\/jvi.asm.org\/content\/86\/5\/2512.long\" target=\"_blank\" rel=\"noopener noreferrer\">Borna disease virus infects human neural progenitor cells and impairs neurogenesis (2012)<\/a><\/li>\n<\/ul>\n<p><\/p>","protected":false},"excerpt":{"rendered":"<p>Aktuelle Pressemitteilung aus Bayern unzutreffend (s.u.) Die Bornavirusinfektion f\u00fchrt bei zahlreichen S\u00e4ugetieren (Pferde, Katzen, &#8230;), V\u00f6geln und auch beim Menschen zu verschiedenartigen Krankheitserscheinungen. Mit der Entwicklung neuer Virusnachweismethoden durch Frau PD Dr. Liv Bode am Robert-Koch-Institut ist es uns in gemeinsamen Untersuchungen an Kindern und Erwachsenen gelungen, genauere Vorstellungen von der H\u00e4ufigkeit und den alterstypischen [&hellip;]<\/p>\n","protected":false},"author":4,"featured_media":0,"parent":0,"menu_order":4,"comment_status":"closed","ping_status":"closed","template":"","meta":{"om_disable_all_campaigns":false,"footnotes":""},"class_list":["post-58","page","type-page","status-publish","hentry"],"_links":{"self":[{"href":"https:\/\/scholbach.de\/de\/wp-json\/wp\/v2\/pages\/58","targetHints":{"allow":["GET"]}}],"collection":[{"href":"https:\/\/scholbach.de\/de\/wp-json\/wp\/v2\/pages"}],"about":[{"href":"https:\/\/scholbach.de\/de\/wp-json\/wp\/v2\/types\/page"}],"author":[{"embeddable":true,"href":"https:\/\/scholbach.de\/de\/wp-json\/wp\/v2\/users\/4"}],"replies":[{"embeddable":true,"href":"https:\/\/scholbach.de\/de\/wp-json\/wp\/v2\/comments?post=58"}],"version-history":[{"count":69,"href":"https:\/\/scholbach.de\/de\/wp-json\/wp\/v2\/pages\/58\/revisions"}],"predecessor-version":[{"id":8855,"href":"https:\/\/scholbach.de\/de\/wp-json\/wp\/v2\/pages\/58\/revisions\/8855"}],"wp:attachment":[{"href":"https:\/\/scholbach.de\/de\/wp-json\/wp\/v2\/media?parent=58"}],"curies":[{"name":"wp","href":"https:\/\/api.w.org\/{rel}","templated":true}]}}