{"id":5680,"date":"2020-06-07T19:54:59","date_gmt":"2020-06-07T19:54:59","guid":{"rendered":"https:\/\/scholbach.de\/?page_id=5680"},"modified":"2020-06-07T20:23:25","modified_gmt":"2020-06-07T20:23:25","slug":"deutsch-lordoseentwicklung","status":"publish","type":"page","link":"https:\/\/scholbach.de\/de\/deutsch-lordoseentwicklung","title":{"rendered":"Lordoseentwicklung"},"content":{"rendered":"<p>Die mehrfache Kr\u00fcmmung der Wirbels\u00e4ule ist nicht angeboren sondern entwickelt sich mit dem Laufenlernen der Kleinkinder. Menschliche Embryos und Neugeborene haben eine einfache bogenf\u00f6rmige Kr\u00fcmmung der Wirbels\u00e4ule \u00fcber ihre gesamte L\u00e4nge hinweg.<\/p>\n<p>Mit der Aufrichtung der Kinder wirkt sich die Gravitationskraft auf die Form der Wirbels\u00e4ule aus. Bei aufrechter K\u00f6rperhaltung, die ab dem Kleinkindalter zunehmend eingenommen wird, staucht die Gravitation die Wirbels\u00e4ule. Dadurch kommt es zu Biegungen in der Wirbels\u00e4ule. Ihr Ausma\u00df h\u00e4ngt von der L\u00e4nge der Wirbels\u00e4ule und ihrer Elastizit\u00e4t ab.<\/p>\n<p>Dies ist f\u00fcr einen einfachen Stab, als der die Wirbels\u00e4ule hier betrachtet werden soll, zuerst von Leonhard Euler, dem ber\u00fchmten Schweizer Mathematiker, beschrieben worden. Er unter scheidet vier verschiedene F\u00e4lle der Biegung eines Stabes unter L\u00e4ngseinwirkung einer Kraft. F\u00fcr die menschliche Wirbels\u00e4ule gilt der zweite Euler&#8217;sche Fall bei dem sowohl an der Basis als auch an der Spitze des Stabes eine seitliche Auslenkung m\u00f6glich ist.<\/p>\n<p>Die kritische Euler\u2018sche Knickkraft, Fk, ist die Kraft, unter der ein bestimmter Stab pl\u00f6tzlich einknickt, nachdem er sich zuvor gebogen hat.<\/p>\n<p><a href=\"https:\/\/scholbach.de\/wp-content\/uploads\/2020\/06\/Euler-Formel-Knicken.jpg\"><img loading=\"lazy\" decoding=\"async\" class=\"wp-image-5683 aligncenter\" src=\"https:\/\/scholbach.de\/wp-content\/uploads\/2020\/06\/Euler-Formel-Knicken-e1591559419785-300x123.jpg\" alt=\"\" width=\"320\" height=\"131\" srcset=\"https:\/\/scholbach.de\/wp-content\/uploads\/2020\/06\/Euler-Formel-Knicken-e1591559419785-300x123.jpg 300w, https:\/\/scholbach.de\/wp-content\/uploads\/2020\/06\/Euler-Formel-Knicken-e1591559419785.jpg 592w\" sizes=\"auto, (max-width: 320px) 100vw, 320px\" \/><\/a><\/p>\n<p><a href=\"https:\/\/www.chemie.de\/lexikon\/Elastizit%C3%A4tsmodul.html\">Der Betrag des Elastizit\u00e4tsmoduls E ist um so gr\u00f6\u00dfer<\/a>, je mehr Widerstand ein Material seiner Verformung entgegensetzt. Ein Bauteil aus einem Material mit hohem Elastizit\u00e4tsmodul (z. B. Stahl) ist also steif, ein Bauteil aus einem Material mit niedrigem Elastizit\u00e4tsmodul (z. B. Gummi) ist nachgiebig.<\/p>\n<p>Im Falle der menschlichen Wirbels\u00e4ule ist die Knickkraft die Gravitationskraft. Ihre Wirkung auf die Durchbiegung der Wirbels\u00e4ule h\u00e4ngt damit von der Elastizit\u00e4t E der Wirbels\u00e4ule ab, die im Alter abnimmt, vom axialen Fl\u00e4chentr\u00e4gheitsmoment des Querschnitts, welches im Wesentlichen bei Erwachsenen konstant bleibt, da dieser Parameter von den Seitenverh\u00e4ltnissen der Wirbelk\u00f6rper abh\u00e4ngt und ganz wesentlich von der Knickl\u00e4nge, die der L\u00e4nge der Wirbels\u00e4ule entspricht. Das bedeutet, dass die durch Biegung der Wirbels\u00e4ule mit zunehmender K\u00f6rperl\u00e4nge quadratisch beeinflusst wird. Das Wachstum der K\u00f6rperl\u00e4nge wirkt sich im Quadrat auf die Entwicklung der Lordose aus.<\/p>\n<p>W\u00e4hrend des Wachstums bis zum Erwachsenenalter kann in grober N\u00e4herung von einer nur geringf\u00fcgig abnehmenden Elastizit\u00e4t der Wirbels\u00e4ule ausgegangen werden, das Fl\u00e4chentr\u00e4gheitsmoment bleibt ebenfalls gleich, wenn das Seitenverh\u00e4ltnis des Wirbelk\u00f6rperquerschnitts sich nicht ver\u00e4ndert, wovon im Normalfall ebenfalls auszugehen ist. Bei linearer Abnahme der Elastizit\u00e4t und quadratischer Auswirkung der zunehmenden K\u00f6rperl\u00e4nge kommt es daher bei Jugendlichen im Wachstum zu einer zunehmenden Lordose, insbesondere in der Pubert\u00e4t, wenn die Jugendlichen schneller wachsen als sonst.<\/p>\n<p>Die lineare Zunahme der Wirbels\u00e4ulenl\u00e4nge f\u00fchrt zu einer quadratischen Abnahme der Biegungskraft. Da die Biegungskraft, hier die Gravitationskraft, jedoch konstant bleibt nimmt die Auslenkung der Biegung, das hei\u00dft das Ausma\u00df der Lordose im Quadrat der Wirbels\u00e4ulenl\u00e4nge zu.<\/p>\n<p>&nbsp;<\/p>\n<p><a href=\"https:\/\/scholbach.de\/wp-content\/uploads\/2020\/06\/Lordose-KL.jpg\"><img loading=\"lazy\" decoding=\"async\" class=\" wp-image-5685 aligncenter\" src=\"https:\/\/scholbach.de\/wp-content\/uploads\/2020\/06\/Lordose-KL-300x169.jpg\" alt=\"\" width=\"415\" height=\"234\" srcset=\"https:\/\/scholbach.de\/wp-content\/uploads\/2020\/06\/Lordose-KL-300x169.jpg 300w, https:\/\/scholbach.de\/wp-content\/uploads\/2020\/06\/Lordose-KL-1024x576.jpg 1024w, https:\/\/scholbach.de\/wp-content\/uploads\/2020\/06\/Lordose-KL-768x432.jpg 768w, https:\/\/scholbach.de\/wp-content\/uploads\/2020\/06\/Lordose-KL.jpg 1280w\" sizes=\"auto, (max-width: 415px) 100vw, 415px\" \/><\/a><\/p>\n<p>Das bedeutet, dass gr\u00f6\u00dfere Menschen ein h\u00f6heres Risiko f\u00fcr die Entwicklung einer Lordose haben. Das Ausma\u00df der Lordose nimmt im Vergleich zu einem anderen Menschen mit gleicher Elastizit\u00e4t der Wirbels\u00e4ule nicht nur linearer zur Wirbels\u00e4ulenl\u00e4nge sondern im Quadrat dazu zu, wenn die Gr\u00f6\u00dfen im Z\u00e4hler des Bruches konstant bleiben.<\/p>\n<p>Auf die Elastizit\u00e4t wirken sich <a href=\"https:\/\/scholbach.de\/ehlers-danlos-syndrom-als-beispiel-fuer-bindegewebserkrankungen-und-gefaesskompressionen\">genetische Bindegewebserkrankungen<\/a> besonders stark aus, die daher ebenfalls zu einer st\u00e4rkeren Lordose und oft auch Skoliose f\u00fchren.<\/p>","protected":false},"excerpt":{"rendered":"<p>Die mehrfache Kr\u00fcmmung der Wirbels\u00e4ule ist nicht angeboren sondern entwickelt sich mit dem Laufenlernen der Kleinkinder. Menschliche Embryos und Neugeborene haben eine einfache bogenf\u00f6rmige Kr\u00fcmmung der Wirbels\u00e4ule \u00fcber ihre gesamte L\u00e4nge hinweg. Mit der Aufrichtung der Kinder wirkt sich die Gravitationskraft auf die Form der Wirbels\u00e4ule aus. Bei aufrechter K\u00f6rperhaltung, die ab dem Kleinkindalter zunehmend [&hellip;]<\/p>\n","protected":false},"author":5,"featured_media":0,"parent":0,"menu_order":0,"comment_status":"closed","ping_status":"closed","template":"","meta":{"om_disable_all_campaigns":false,"footnotes":""},"class_list":["post-5680","page","type-page","status-publish","hentry"],"_links":{"self":[{"href":"https:\/\/scholbach.de\/de\/wp-json\/wp\/v2\/pages\/5680","targetHints":{"allow":["GET"]}}],"collection":[{"href":"https:\/\/scholbach.de\/de\/wp-json\/wp\/v2\/pages"}],"about":[{"href":"https:\/\/scholbach.de\/de\/wp-json\/wp\/v2\/types\/page"}],"author":[{"embeddable":true,"href":"https:\/\/scholbach.de\/de\/wp-json\/wp\/v2\/users\/5"}],"replies":[{"embeddable":true,"href":"https:\/\/scholbach.de\/de\/wp-json\/wp\/v2\/comments?post=5680"}],"version-history":[{"count":6,"href":"https:\/\/scholbach.de\/de\/wp-json\/wp\/v2\/pages\/5680\/revisions"}],"predecessor-version":[{"id":5691,"href":"https:\/\/scholbach.de\/de\/wp-json\/wp\/v2\/pages\/5680\/revisions\/5691"}],"wp:attachment":[{"href":"https:\/\/scholbach.de\/de\/wp-json\/wp\/v2\/media?parent=5680"}],"curies":[{"name":"wp","href":"https:\/\/api.w.org\/{rel}","templated":true}]}}