{"id":5478,"date":"2020-04-17T15:01:38","date_gmt":"2020-04-17T15:01:38","guid":{"rendered":"https:\/\/scholbach.de\/?page_id=5478"},"modified":"2020-06-16T18:01:33","modified_gmt":"2020-06-16T18:01:33","slug":"behandlung-von-kompressionssyndromen","status":"publish","type":"page","link":"https:\/\/scholbach.de\/de\/behandlung-von-kompressionssyndromen","title":{"rendered":"Behandlung von Kompressionssyndromen"},"content":{"rendered":"<p>Vaskul\u00e4re Kompressionssyndrome werden durch eine zu starke Lendenlordose verursacht.<br \/>\nDie ersten Schritte zur Reduktion der Symptome nach einer gr\u00fcndlichen Diagnose zielen daher auf eine Verminderung der Lordose.<br \/>\nDies kann durch bestimmte K\u00f6rperhaltungen erreicht werden, die darauf gerichtet sind, die Neigung des Beckens nach vorn und unten zu reduzieren. Die Beckenneigung entwickelt sich etwa im Alter von 12 Monaten, wenn die Kinder zu laufen beginnen. J\u00fcngere Kinder m\u00fcssen das Becken nicht nach vorn kippen, da sie mit gebeugten H\u00fcften auf dem R\u00fccken oder Bauch liegen oder krabbeln oder kriechen. In diesen K\u00f6rperhaltungen bleiben die H\u00fcften gebeugt.<br \/>\nErst mit Beginn einer aufrechten Haltung und des Laufens entwickelt sich die \u00dcberstreckung der H\u00fcftgelenke, um Oberschenkel und Knie in eine Linie mit dem R\u00fccken zu bringen. Dies kann nur durch eine Drehung des gesamten Beckens nach unten, die so genannte Beckenkippung, erreicht werden. Eine Streckung der H\u00fcftgelenke ohne Beckenkippung ist nicht m\u00f6glich, da straffe B\u00e4nder innerhalb der H\u00fcftgelenkkapsel eine Bewegung der Oberschenkelknochen um mehr den 45\u00b0 nach oben oder unten in Bezug auf die Pendellinie des H\u00fcftgelenks verhindern. Diese Pendellinie liegt 90\u00b0 zur Richtung der Wirbels\u00e4ule. Der Mensch ist somit das einzige Tier mit einer Lordose. F\u00fcr Details siehe meine Erkl\u00e4rung unter dem Abschnitt <a href=\"https:\/\/scholbach.de\/en\/lordose-hohlkreuz\">Lordose<\/a>.<\/p>\n<p>Der Grundgedanke bei der Behandlung der Gef\u00e4sskompressionen ist also die Verminderung der Lordose durch Beugung der H\u00fcften. Dadurch werden Schmerzen und Beschwerden sofort reduziert. Solche K\u00f6rperhaltungen k\u00f6nnen aber im Alltag meist nicht \u00fcber l\u00e4ngere Zeitr\u00e4ume gehalten werden. Zumindest f\u00fcr eine akute Situation bringen sie jedoch eine gewisse Erleichterung.<br \/>\nUm eine l\u00e4nger anhaltende Wirkung zu erzielen, sollten die Muskeln um die Wirbels\u00e4ule herum gest\u00e4rkt werden. Ihre Eigenspannung vermindert die Kr\u00fcmmung der Wirbels\u00e4ule nach vorn und hinten, stabilisiert sie so und reduziert so die Lordose. Jede Art von k\u00f6rperlichen \u00dcbungen, die die Rumpf- und Ges\u00e4ssmuskulatur st\u00e4rken, sind hilfreich.<\/p>\n<p><a href=\"https:\/\/www.ejcrim.com\/index.php\/EJCRIM\/article\/view\/1605\/2056\">In dieser Arbeit werden einige \u00dcbungen erkl\u00e4rt, die in einer solchen Situation hilfreich sein k\u00f6nnen.<\/a><\/p>\n<p><a href=\"https:\/\/scholbach.de\/physical-exercises-to-reduce-lumbar-lordosis\">Hier finden Sie einige erl\u00e4uternde Abbildungen zur Physiotherapie.<\/a><\/p>\n<p>Wenn diese \u00dcbungsbehandlungen nicht ausreichen, um die Symptome auf ein ertr\u00e4gliches Ma\u00df zu reduzieren, sollte eine medizinische Behandlung und eine Operation in Betracht gezogen werden.<\/p>\n<p>Oft werden <a href=\"https:\/\/scholbach.de\/risks-of-stents-in-venous-compression-syndromes\">Stents<\/a>, der Verschluss (Embolisation) gestauter Venen und eine Entfernung von schmerzenden Organen empfohlen. <strong>Dies kann ein verh\u00e4ngnisvoller Fehler sein<\/strong>.<\/p>\n<p>Jede Behandlung erfordert eine gr\u00fcndliche funktionelle farbdopplersonografische Diagnostik aller m\u00f6glichen beteiligten Kompressionssyndrome. Es ist ein Unterschied, ob es sich bei den eingeklemmten Organen um Venen, Arterien oder Darm handelten. Zudem ist es entscheidend, welche Kombination von Kompressionen bei einem Individuum vorliegen. Die Kompressionssyndrome bei einem Patienten beeinflussen sich gegenseitig und dies sollte bei der richtigen Behandlung ber\u00fccksichtigt werden, um erfolgreich zu sein.<\/p>","protected":false},"excerpt":{"rendered":"<p>Vaskul\u00e4re Kompressionssyndrome werden durch eine zu starke Lendenlordose verursacht. Die ersten Schritte zur Reduktion der Symptome nach einer gr\u00fcndlichen Diagnose zielen daher auf eine Verminderung der Lordose. Dies kann durch bestimmte K\u00f6rperhaltungen erreicht werden, die darauf gerichtet sind, die Neigung des Beckens nach vorn und unten zu reduzieren. Die Beckenneigung entwickelt sich etwa im Alter [&hellip;]<\/p>\n","protected":false},"author":5,"featured_media":0,"parent":0,"menu_order":0,"comment_status":"closed","ping_status":"closed","template":"","meta":{"om_disable_all_campaigns":false,"footnotes":""},"class_list":["post-5478","page","type-page","status-publish","hentry"],"_links":{"self":[{"href":"https:\/\/scholbach.de\/de\/wp-json\/wp\/v2\/pages\/5478","targetHints":{"allow":["GET"]}}],"collection":[{"href":"https:\/\/scholbach.de\/de\/wp-json\/wp\/v2\/pages"}],"about":[{"href":"https:\/\/scholbach.de\/de\/wp-json\/wp\/v2\/types\/page"}],"author":[{"embeddable":true,"href":"https:\/\/scholbach.de\/de\/wp-json\/wp\/v2\/users\/5"}],"replies":[{"embeddable":true,"href":"https:\/\/scholbach.de\/de\/wp-json\/wp\/v2\/comments?post=5478"}],"version-history":[{"count":17,"href":"https:\/\/scholbach.de\/de\/wp-json\/wp\/v2\/pages\/5478\/revisions"}],"predecessor-version":[{"id":5817,"href":"https:\/\/scholbach.de\/de\/wp-json\/wp\/v2\/pages\/5478\/revisions\/5817"}],"wp:attachment":[{"href":"https:\/\/scholbach.de\/de\/wp-json\/wp\/v2\/media?parent=5478"}],"curies":[{"name":"wp","href":"https:\/\/api.w.org\/{rel}","templated":true}]}}