{"id":47,"date":"2015-12-26T17:11:41","date_gmt":"2015-12-26T17:11:41","guid":{"rendered":"http:\/\/wp12612379.server-he.de\/?page_id=47"},"modified":"2025-02-12T20:29:35","modified_gmt":"2025-02-12T19:29:35","slug":"deutsch-leistungsspektrum","status":"publish","type":"page","link":"https:\/\/scholbach.de\/de\/praxis\/deutsch-leistungsspektrum","title":{"rendered":"Leistungsspektrum"},"content":{"rendered":"<p>In meiner Praxis biete ich die Diagnostik und Therapie von Erkrankungen aller Patienten vom Neugeborenen bis zum Erwachsenen mit dem Fokus der Funktionellen Ultraschalldiagnostik f\u00fcr Selbstzahler und privat Versicherte an.<\/p>\n<p>&nbsp;<\/p>\n<p>Ich biete Diagnostik und Behandlung von Erkrankungen aller Patienten vom Neugeborenen bis zum Erwachsenen mit dem Schwerpunkt der funktionellen Ultraschalldiagnostik f\u00fcr Selbstzahler und Privatversicherte.<\/p>\n<p>&nbsp;<\/p>\n<p>Dar\u00fcber hinaus f\u00fchren wir hochentwickelte farbdopplersonographische Untersuchungen aller Organe und Gef\u00e4\u00dfe durch. Mit der preisgekr\u00f6nten PixelFlux-Software zur Durchblutungsmessung gehen wir ins Detail und erstellen einen individuellen Behandlungsplan f\u00fcr Ihre spezifischen Beschwerden.<\/p>\n<p>&nbsp;<\/p>\n<p>Wir sind spezialisiert auf vaskul\u00e4re Kompressionssyndrome, Entz\u00fcndungsdiagnostik und fetale Durchblutungsmessung.<\/p>\n<p>&nbsp;<\/p>\n<p>Wir begleiten Patienten aus dem In- und Ausland bei der Entwicklung eines Plans von den Symptomen \u00fcber diagnostische \u00dcberlegungen bis hin zur Behandlung in komplizierten F\u00e4llen.<\/p>\n<p>&nbsp;<\/p>\n<p>Einen Auszug aus meinem Diagnoseprogramm k\u00f6nnen Sie hier herunterladen:<\/p>\n<p>&nbsp;<\/p>\n<a href=\"https:\/\/scholbach.de\/wp-content\/uploads\/2023\/05\/Excerpt-from-my-diagnostic-spectrum.pdf\" class=\"pdfemb-viewer\" style=\"\" data-width=\"max\" data-height=\"max\" data-mobile-width=\"500\"  data-scrollbar=\"none\" data-download=\"on\" data-tracking=\"on\" data-newwindow=\"on\" data-pagetextbox=\"off\" data-scrolltotop=\"off\" data-startzoom=\"100\" data-startfpzoom=\"100\" data-toolbar=\"both\" data-toolbar-fixed=\"off\">Auszug aus meinem diagnostischen Spektrum<br\/><\/a>\n<p>&nbsp;<\/p>\n<p>Genauere Details zu meiner Methode, schwer fassbare Ursachen f\u00fcr Ihre Symptome zu finden, finden Sie hier.<\/p>\n<p>&nbsp;<\/p>\n<p>Hier ist ein \u00dcberblick \u00fcber die angewandten Techniken:<\/p>\n<p>1. Die funktionelle und quantitative Farbdopplermessung der Nierendurchblutung mit dem PixelFlux-Verfahren,<\/p>\n<p>2. Flussvolumenmessungen der ven\u00f6sen Beckendrainage<\/p>\n<p>3. Standardisierte Quantifizierung der Gewebeperfusion von Uterus, Vagina, Rectum und Urethra,<\/p>\n<p>4. Bilateraler Vergleich des glutealen ven\u00f6sen Abflusses bei Ischiasbeschwerden,<\/p>\n<p>5. Ver\u00e4nderungen der Atemflussgeschwindigkeit im Truncus coeliacus,<\/p>\n<p>6. Direkte Beobachtung der duodenalen Nahrungspassage<\/p>\n<p>7. Quantifizierung der orthostatischen Nierenperfusionsver\u00e4nderung und des<\/p>\n<p>8. Orthostatischen Volumenperfusionsverlustes der Aorta abdominalis,<\/p>\n<p>9. Carotis-Farbdoppler-Volumenflussmessungen<\/p>\n<p>10. Messungen des femoral-ven\u00f6sen Durchflussvolumens<\/p>\n<p>11. Wiederholung aller Messungen in verschiedenen relevanten K\u00f6rperhaltungen<\/p>\n<p>Im Einzelfall bei klinischer Symptomatik oder auf Wunsch<\/p>\n<p>12. Volumenstrommessungen in der Arteria mesenterica superior und der Vena mesenterica superior zur Beurteilung ev. retroperitoneal-mesenterialen Kollateralen<\/p>\n<p>13. Volumenstrommessungen der reno-spinalen Kollateralen<\/p>\n<p>14. Volumenstrommessungen der thorakalen und supradiaphragmatischen Kollateralen<\/p>\n<p>15. Messungen der Leberstauung<\/p>\n<p>16. Druckmessungen der Milzrezirkulation<\/p>\n<p>17. Suche nach chronischen und akuten entz\u00fcndlichen Darmerkrankungen<\/p>\n<p>18. PixelFlux-Quantifizierung von entz\u00fcndlichen abdominalen Pathologien, einschlie\u00dflich Morbus Crohn und anderer entz\u00fcndlicher Darmerkrankungen<\/p>\n<p>19. Vaskul\u00e4re Diagnostik von Tinnitus<\/p>\n<p>20. Transkranieller zerebraler Ultraschall<\/p>\n<p>21. Dynamische und posturale intrakranielle Druckver\u00e4nderungsmessungen mittels Farbdoppler-Ultraschall<\/p>\n<p>22. Echokardiographie<\/p>\n<p>22. Urin- und Gallenblasenfunktionstest<\/p>\n<p>23. PixelFlux-Bewertung der Stauung des \u00e4u\u00dferen Genitals bei Vulvodynie und persistierendem sexuellem Erregungssyndrom und pudendaler Neuropathie<\/p>\n<p>24. Bewertung von au\u00dfergew\u00f6hnlich seltenen und individuellen arteriellen und ven\u00f6sen Kompressionen popliteal, femoral, caval, subclavial, lienal, hepatisch, portalven\u00f6s, iliacal, lumbal<\/p>\n<p>25. Quantifizierung des azygoten und hemiazygoten Flussvolumens bei Verdacht auf epidurale Stauung<\/p>\n<p>26. Quantifizierung von vaskul\u00e4ren Tumor- und Malformationsflussintensit\u00e4ten und -volumina mit der PixelFlux-Methode<\/p>\n<p>27. Vaskul\u00e4re Differentialdiagnose von erektiler Dysfunktion und Varikozele<\/p>\n<p>28. Bewertung von vaskul\u00e4ren Aneurysmen und Dilatation<\/p>\n<p>29. Quantifizierung der Nierenarterienstenose und Differentialdiagnose der arteriellen Hypertonie<\/p>\n<p>30. Differenzialdiagnose von POTS und Gastroparese<\/p>\n<p>31. Quantifizierung und Verlaufskontrolle der diabetischen Mikro- und Makroangiopathie<\/p>\n<p>32. Netzhaut-Arterien-Doppler<\/p>\n<p>33. Quantifizierung des Durchflussvolumens von Dialyse-Shunts<\/p>\n<p>34. Bewertung von TOS (Thoracic outlet and inlet syndromes)<\/p>\n<p>35. Beurteilung von Schilddr\u00fcsen- und Lymphknotenerkrankungen<\/p>\n<p>36. Lokale Entz\u00fcndungsmessungen mit dem PixelFlux-Verfahren<\/p>\n<p>37. F\u00f6tale Volumenstrommessungen<\/p>\n<p>38. Quantifizierung der Tumorperfusion<\/p>\n<p>39. Alle Arten der p\u00e4diatrischen Sonographie einschlie\u00dflich Echokardiographie und zerebraler Doppler-Ultraschall<\/p>\n<p>40. Beurteilung von Gelenkerkrankungen einschlie\u00dflich Differentialdiagnose von degenerativen und entz\u00fcndlichen Arthropathien<\/p>\n<p>41. Beurteilung von ventrikuloperitonealen Shunts<\/p>\n<p>42. Jenseits des Ultraschalls: Diagnostik und Behandlung von Bornaviren<\/p>\n<p>43. fragen Sie nach mehr (&#8230;.Pleura und Lungenultraschall, Speiser\u00f6hre, Muskeln, Nerven Sehnen, Haut, Brust, Knorpel, R\u00fcckenmark, Zwerchfellmotilit\u00e4t..)<\/p>\n<p>44. 4D-Volumenstrom von ausgew\u00e4hlten Venen und Arterien<\/p>","protected":false},"excerpt":{"rendered":"<p>In meiner Praxis biete ich die Diagnostik und Therapie von Erkrankungen aller Patienten vom Neugeborenen bis zum Erwachsenen mit dem Fokus der Funktionellen Ultraschalldiagnostik f\u00fcr Selbstzahler und privat Versicherte an. &nbsp; Ich biete Diagnostik und Behandlung von Erkrankungen aller Patienten vom Neugeborenen bis zum Erwachsenen mit dem Schwerpunkt der funktionellen Ultraschalldiagnostik f\u00fcr Selbstzahler und Privatversicherte. [&hellip;]<\/p>\n","protected":false},"author":4,"featured_media":0,"parent":6,"menu_order":4,"comment_status":"closed","ping_status":"closed","template":"","meta":{"om_disable_all_campaigns":false,"footnotes":""},"class_list":["post-47","page","type-page","status-publish","hentry"],"_links":{"self":[{"href":"https:\/\/scholbach.de\/de\/wp-json\/wp\/v2\/pages\/47","targetHints":{"allow":["GET"]}}],"collection":[{"href":"https:\/\/scholbach.de\/de\/wp-json\/wp\/v2\/pages"}],"about":[{"href":"https:\/\/scholbach.de\/de\/wp-json\/wp\/v2\/types\/page"}],"author":[{"embeddable":true,"href":"https:\/\/scholbach.de\/de\/wp-json\/wp\/v2\/users\/4"}],"replies":[{"embeddable":true,"href":"https:\/\/scholbach.de\/de\/wp-json\/wp\/v2\/comments?post=47"}],"version-history":[{"count":22,"href":"https:\/\/scholbach.de\/de\/wp-json\/wp\/v2\/pages\/47\/revisions"}],"predecessor-version":[{"id":9132,"href":"https:\/\/scholbach.de\/de\/wp-json\/wp\/v2\/pages\/47\/revisions\/9132"}],"up":[{"embeddable":true,"href":"https:\/\/scholbach.de\/de\/wp-json\/wp\/v2\/pages\/6"}],"wp:attachment":[{"href":"https:\/\/scholbach.de\/de\/wp-json\/wp\/v2\/media?parent=47"}],"curies":[{"name":"wp","href":"https:\/\/api.w.org\/{rel}","templated":true}]}}