{"id":460,"date":"2016-06-15T15:34:45","date_gmt":"2016-06-15T15:34:45","guid":{"rendered":"http:\/\/wp12612379.server-he.de\/?page_id=460"},"modified":"2019-11-26T20:28:58","modified_gmt":"2019-11-26T20:28:58","slug":"english-abdominal-pain","status":"publish","type":"page","link":"https:\/\/scholbach.de\/de\/wissenschaft\/english-abdominal-pain","title":{"rendered":"Bauchschmerzdiagnostik"},"content":{"rendered":"<p>Chronische oder immer wiederkehrende Bauchschmerzen beeintr\u00e4chtigen die Lebensqualit\u00e4t vieler Patienten und stellen oft ein diagnostisches Problem dar. Ursachen im Bauchraum aber auch fern davon k\u00f6nnen Bauchschmerzen ausl\u00f6sen. Mit der Ultraschalldiagnostik k\u00f6nnen nicht nur die Organe selbst sondern auch zahlreiche ihrer Funktionen sicht- und messbar gemacht werden. Bauchschmerzen lassen sich so schnell eingrenzen und einfache Ma\u00dfnahmen, wie z.B. eine Ern\u00e4hrungsumstellung bei Zuckerfehlverdauung k\u00f6nnen gezielt empfohlen werden. Das R\u00fcckflie\u00dfen von Magens\u00e4ure, eine sehr h\u00e4ufige Ursache von Bauchschmerzen bei S\u00e4uglingen, kann direkt sichtbar gemacht werden. So k\u00f6nnen einfache, nicht-medikament\u00f6se Behandlungen empfohlen werden, die dem Kind die Bauchschmerzen nehmen und den Eltern wieder ein Durchschlafen erm\u00f6glichen. St\u00f6rungen des Nahrungstransportes, Entz\u00fcndungen des Darms, Vergr\u00f6\u00dferung von Lymphknoten, Schwellungen von Leber und Milz, Durchblutungsst\u00f6rungen und Gef\u00e4\u00dfkompressionen f\u00fchren oft zu wiederkehrenden Bauchschmerzen und entgehen nicht selten der Erstbeurteilung. Die folgenden Seiten geben detailliertere Hinweise, wie moderne, funktionelle Farbdopplersonografie einen Beitrag zur Diagnostik von Bauchschmerzen aber nat\u00fcrlich auch vieler anderer Erkrankungen geben kann.<\/p>\n<p>Bitte beachten Sie unsere <a href=\"https:\/\/scholbach.de\/hinweise-zu-medizinischen-erlaeuterungen\">Hinweise zu den medizinischen Erl\u00e4uterungen<\/a> auf dieser Website.<\/p>","protected":false},"excerpt":{"rendered":"<p>Chronische oder immer wiederkehrende Bauchschmerzen beeintr\u00e4chtigen die Lebensqualit\u00e4t vieler Patienten und stellen oft ein diagnostisches Problem dar. Ursachen im Bauchraum aber auch fern davon k\u00f6nnen Bauchschmerzen ausl\u00f6sen. Mit der Ultraschalldiagnostik k\u00f6nnen nicht nur die Organe selbst sondern auch zahlreiche ihrer Funktionen sicht- und messbar gemacht werden. Bauchschmerzen lassen sich so schnell eingrenzen und einfache Ma\u00dfnahmen, [&hellip;]<\/p>\n","protected":false},"author":4,"featured_media":0,"parent":8,"menu_order":0,"comment_status":"open","ping_status":"open","template":"","meta":{"om_disable_all_campaigns":false,"footnotes":""},"class_list":["post-460","page","type-page","status-publish","hentry"],"_links":{"self":[{"href":"https:\/\/scholbach.de\/de\/wp-json\/wp\/v2\/pages\/460","targetHints":{"allow":["GET"]}}],"collection":[{"href":"https:\/\/scholbach.de\/de\/wp-json\/wp\/v2\/pages"}],"about":[{"href":"https:\/\/scholbach.de\/de\/wp-json\/wp\/v2\/types\/page"}],"author":[{"embeddable":true,"href":"https:\/\/scholbach.de\/de\/wp-json\/wp\/v2\/users\/4"}],"replies":[{"embeddable":true,"href":"https:\/\/scholbach.de\/de\/wp-json\/wp\/v2\/comments?post=460"}],"version-history":[{"count":15,"href":"https:\/\/scholbach.de\/de\/wp-json\/wp\/v2\/pages\/460\/revisions"}],"predecessor-version":[{"id":3675,"href":"https:\/\/scholbach.de\/de\/wp-json\/wp\/v2\/pages\/460\/revisions\/3675"}],"up":[{"embeddable":true,"href":"https:\/\/scholbach.de\/de\/wp-json\/wp\/v2\/pages\/8"}],"wp:attachment":[{"href":"https:\/\/scholbach.de\/de\/wp-json\/wp\/v2\/media?parent=460"}],"curies":[{"name":"wp","href":"https:\/\/api.w.org\/{rel}","templated":true}]}}