{"id":4208,"date":"2020-03-13T15:03:02","date_gmt":"2020-03-13T15:03:02","guid":{"rendered":"https:\/\/scholbach.de\/?page_id=4208"},"modified":"2020-04-05T14:09:03","modified_gmt":"2020-04-05T14:09:03","slug":"migraene","status":"publish","type":"page","link":"https:\/\/scholbach.de\/de\/migraene","title":{"rendered":"Migr\u00e4ne und Multiple Sklerose"},"content":{"rendered":"<p>Die Ursachen sowohl von Migr\u00e4ne als auch Multipler Sklerose sind vielf\u00e4ltig und gro\u00dfteils noch unklar.<\/p>\n<p>Bereits 2007 habe ich das Konzept eines Zusammenhangs zwischen ven\u00f6ser Stauung der Mittellienenorgane und Migr\u00e4ne (Scholbach T. From the nutcracker-phenomenon of the left renal vein to the midline congestion syndrome as a cause of migraine, headache, back and abdominal pain and functional disorders of pelvic organs. Med Hypotheses. 2007; 68(6):1318-27) inauguriert.<\/p>\n<a href=\"https:\/\/scholbach.de\/wp-content\/uploads\/2015\/12\/Scholbach-From-nutcracker-phenomenon-to-midline-congestion-syndrome-and-treatment-with-aspirin.pdf\" class=\"pdfemb-viewer\" style=\"\" data-width=\"max\" data-height=\"max\" data-mobile-width=\"500\"  data-scrollbar=\"none\" data-download=\"on\" data-tracking=\"on\" data-newwindow=\"on\" data-pagetextbox=\"off\" data-scrolltotop=\"off\" data-startzoom=\"100\" data-startfpzoom=\"100\" data-toolbar=\"both\" data-toolbar-fixed=\"off\">Scholbach From nutcracker phenomenon to midline congestion syndrome and treatment with aspirin<br\/><\/a>\n<p>Ursache von Migr\u00e4ne und Kopfschmerzen ist in diesem Fall der erh\u00f6hte intraspinale Druck bei ven\u00f6ser Stauung von Venen, die vor der Wirbels\u00e4ule von liks nach rechts ziehen. Bei ven\u00f6sen Kompressionssyndromen des Abdomens <a href=\"https:\/\/scholbach.de\/lordose-hohlkreuz\">verhindert die Lordose einen normalen Blutfluss<\/a> \u00fcber die Wirbels\u00e4ule hinweg<\/p>\n<p><a href=\"https:\/\/scholbach.de\/wp-content\/uploads\/2016\/12\/Midlicne-congestion.jpg\"><img loading=\"lazy\" decoding=\"async\" class=\" wp-image-937 aligncenter\" src=\"https:\/\/scholbach.de\/wp-content\/uploads\/2016\/12\/Midlicne-congestion-300x225.jpg\" alt=\"\" width=\"425\" height=\"319\" srcset=\"https:\/\/scholbach.de\/wp-content\/uploads\/2016\/12\/Midlicne-congestion-300x225.jpg 300w, https:\/\/scholbach.de\/wp-content\/uploads\/2016\/12\/Midlicne-congestion-768x576.jpg 768w, https:\/\/scholbach.de\/wp-content\/uploads\/2016\/12\/Midlicne-congestion-1024x769.jpg 1024w, https:\/\/scholbach.de\/wp-content\/uploads\/2016\/12\/Midlicne-congestion.jpg 1435w\" sizes=\"auto, (max-width: 425px) 100vw, 425px\" \/><\/a><\/p>\n<p>Im Bauchraum betrifft\u00a0 dies 3 gro\u00dfe Venen:<\/p>\n<p style=\"padding-left: 160px;\">&#8211; die linke <a href=\"https:\/\/scholbach.de\/wissenschaft\/deutsch-ultraschalldiagnostik\/deutsch-gefaskompressionen\/nussknacker\">Nierenvene<\/a><br \/>\n&#8211; die linke <a href=\"https:\/\/scholbach.de\/wissenschaft\/deutsch-ultraschalldiagnostik\/deutsch-gefaskompressionen\/may-thurner-konstellation\">Beckenvene<\/a><br \/>\n&#8211; die Milzvene<\/p>\n<p>Wenn das Blut nicht ungehindert durch diese Venen flie\u00dfen kann, baut sich in den linksseitigen Anteilen dieser Venen Druck auf. Sie weiten sich und k\u00f6nnen sich in Krampfadern umwandeln. Kleinere Venen, die das Blut aus anderen Organen zu diesen grossen Venen transportieren, stehen im gleichen Ma\u00dfe unter Druck wie die gr\u00f6sseren, komprimierten Venen (Prinzip der kommunizierenden R\u00f6hren).<\/p>\n<p>Da der Blutfluss immer einen Weg von den Hochdruck- zu den Niederdruckregionen nimmt, kann der Blutfluss innerhalb solcher zuf\u00fchrenden Venen seine Richtung \u00e4ndern. Es entstehen so genannte Kollateralkreisl\u00e4ufe (Umgehungskreisl\u00e4ufe). Diese Kollateralkreisl\u00e4ufe versuchen, das Blut zur\u00fcck zum Herzen zu transportieren und nutzen dazu jene Organe, die ihr Blut normalerweise in die oben genannten Venen (linke Niere, linke Beckenregion und linker Oberschenkel, Milz) einleiten.<\/p>\n<p>Ein m\u00f6glicher Umgehungskreislauf ist der durch den Spinalkanal (Wirbelkanal).<\/p>\n<p><a href=\"https:\/\/scholbach.de\/wp-content\/uploads\/2020\/03\/venous-connections.jpg\"><img loading=\"lazy\" decoding=\"async\" class=\" wp-image-4277 aligncenter\" src=\"https:\/\/scholbach.de\/wp-content\/uploads\/2020\/03\/venous-connections-300x278.jpg\" alt=\"\" width=\"451\" height=\"418\" srcset=\"https:\/\/scholbach.de\/wp-content\/uploads\/2020\/03\/venous-connections-300x278.jpg 300w, https:\/\/scholbach.de\/wp-content\/uploads\/2020\/03\/venous-connections-1024x949.jpg 1024w, https:\/\/scholbach.de\/wp-content\/uploads\/2020\/03\/venous-connections-768x712.jpg 768w, https:\/\/scholbach.de\/wp-content\/uploads\/2020\/03\/venous-connections.jpg 1133w\" sizes=\"auto, (max-width: 451px) 100vw, 451px\" \/><\/a><\/p>\n<p>Der Zufluss von zus\u00e4tzlichem Blutvolumen in den Wirbelkanal erzeugt eine Vielzahl von Symptomen. Dazu geh\u00f6ren R\u00fcckenschmerzen, Ischias, Lenden- und Kreuzschmerzen, Nackenschmerzen, Kribbeln und Taubheit in Fingern und Zehen, eine Schw\u00e4che der Arme und Beine (die sogar bis zur vollst\u00e4ndigen L\u00e4hmung und Rollstuhlabh\u00e4ngigkeit fortschreiten kann) sowie vorwiegend Kopfschmerzen und Migr\u00e4ne.<\/p>\n<p>Erst vor kurzem hat eine wissenschaftliche Studie zum Beckenstauungssyndrom (Pelvinen Kongestionssyndrom), das eine Folge der Abflussbehinderung der linken Beckenvene und der linken Nierenvene ist, die au\u00dfergew\u00f6hnlich hohe Pr\u00e4valenz der Migr\u00e4ne bei Patienten mit einer Beckenstauung ergeben. Zum Beweis f\u00fcr den kausalen Zusammenhang von ven\u00f6ser Stauung und Migr\u00e4ne verschwand die Migr\u00e4ne nach erfolgreicher Behandlung der Beckenstauung:<\/p>\n<p><strong>Migraine: A Common and Unknown Symptom of Pelvic Congestion Syndrome<\/strong><\/p>\n<p><strong>Rodolfo Rosenberg and Manuel Menes<\/strong><\/p>\n<div class=\"publication-volume u-text-center\">\n<p id=\"publication-title\" class=\"publication-title u-h3\"><strong>Journal of Vascular Surgery: Venous and Lymphatic Disorders; Volume 8, Issue 2, March 2020, Page 317<\/strong><\/p>\n<\/div>\n<div id=\"d726e907-7f47-4d60-b14b-a74ab575c493\" class=\"widget articleContent none widget-none\">\n<div class=\"wrapped \">\n<div class=\"widget-body body body-none \">\n<div id=\"article\" class=\"article showAbstract doctopic-1- label-\">\n<div class=\"artInfoWrapper\">\n<div class=\"articleInfo\">\n<div class=\"miscellaneous\"><\/div>\n<\/div>\n<\/div>\n<\/div>\n<\/div>\n<\/div>\n<\/div>\n<a href=\"https:\/\/scholbach.de\/wp-content\/uploads\/2020\/03\/Migraine-A-Common-and-Unknown-Symptom-of-Pelvic-Congestion-Syndrome.pdf\" class=\"pdfemb-viewer\" style=\"\" data-width=\"max\" data-height=\"max\" data-mobile-width=\"500\"  data-scrollbar=\"none\" data-download=\"on\" data-tracking=\"on\" data-newwindow=\"on\" data-pagetextbox=\"off\" data-scrolltotop=\"off\" data-startzoom=\"100\" data-startfpzoom=\"100\" data-toolbar=\"both\" data-toolbar-fixed=\"off\">Migr\u00e4ne ein h\u00e4ufiges und unbekanntes Symptom des Beckenstauungssyndroms<br\/><\/a>\n<p>Wenn Sie also an einer schweren Migr\u00e4ne leiden, kann eine gr\u00fcndliche Diagnostik von vaskul\u00e4ren Kompressionssyndromen f\u00fcr Sie von Vorteil sein. Die Diagnose eines solchen Kompressionssyndroms kann den Weg f\u00fcr eine urs\u00e4chliche Behandlung Ihrer Migr\u00e4ne und Spannungskopfschmerzen er\u00f6ffnen.<\/p>\n<p>Wenn Sie Ihre Befunde besprechen m\u00f6chten, senden Sie mir eine <a href=\"mailto:info.scholbach@posteo.de\">E-Mail<\/a><\/p>\n<p>&nbsp;<\/p>\n<h3>Multiple Sklerose und chronische cerebrospinale ven\u00f6se Insuffizienz (CCSVI)<\/h3>\n<p>Nach dem Konzept der <a href=\"https:\/\/scholar.google.com\/scholar?hl=de&amp;as_sdt=0%2C5&amp;q=ccsvi&amp;btnG=\">chronischen cerebrospinalen ven\u00f6sen Insuffizienz (CCSVI)<\/a> tr\u00e4gt die ven\u00f6se Abflussstauung des Hirns und des R\u00fcckenmarks zur Entstehung von entz\u00fcndlichen Herden der Multiplen Sklerose bei. Bislang werden dazu lediglich Einengungen (Stenosen oder Obliterationen) und R\u00fcckwendungen der Blutstr\u00f6mung (Refluxe) in den Venen des Halses als Ausl\u00f6ser angesehen. Untersuchungen verschiedener Zentren konnten die diagnostischen Kriterien der CCSVI oft nicht best\u00e4tigen! Dies kann daran liegen, dass das Konzept der CCSVI bislang nur die Halsvenen betrachtet.<\/p>\n<p>Hirn und R\u00fcckenmark sind beide von Hirnwasser umgeben, Die Fl\u00fcssigkeitsr\u00e4ume beider Kompartimente kommunizieren frei miteinander am Hinterhauptsloch (Foramen magnum). Allerdings kann der ven\u00f6se Druck im Hirn und R\u00fcckenmarkskanal entscheidend durch den Einstrom von Blut aus den Beckenvenen und der linken Nierenvene gesteigert werden.<\/p>\n<p><a href=\"https:\/\/scholbach.de\/wp-content\/uploads\/2020\/03\/ccsvi-1.jpg\"><img loading=\"lazy\" decoding=\"async\" class=\" wp-image-4286 aligncenter\" src=\"https:\/\/scholbach.de\/wp-content\/uploads\/2020\/03\/ccsvi-1-300x292.jpg\" alt=\"\" width=\"342\" height=\"333\" srcset=\"https:\/\/scholbach.de\/wp-content\/uploads\/2020\/03\/ccsvi-1-300x292.jpg 300w, https:\/\/scholbach.de\/wp-content\/uploads\/2020\/03\/ccsvi-1-1024x997.jpg 1024w, https:\/\/scholbach.de\/wp-content\/uploads\/2020\/03\/ccsvi-1-768x748.jpg 768w, https:\/\/scholbach.de\/wp-content\/uploads\/2020\/03\/ccsvi-1.jpg 1099w\" sizes=\"auto, (max-width: 342px) 100vw, 342px\" \/><\/a><\/p>\n<p>Aus eigener Erfahrung mit Patienten mit Multipler Sklerose (MS) wei\u00df ich, da\u00df dieser Mechanismus bei ihnen farbduplexsonografisch und mit der PixelFlux-Technik nachweisbar und sogar quantfizierbar ist. Es ist daher sinnvoll, das Konzept der CCSVI um die Untersuchung der Venen des Bauchraumes und des Beckens zu erweitern, um dem Ansatz der CCSVI umfassend Rechnung zu tragen.<br \/>\nWenn Sie also an einer Multiplen Sklerose und Symptomen der ven\u00f6sen Kongestion im Bauchraum oder im Becken leiden sollten, dann empfehle ich Ihnen eine farbduplexsonografische Untersuchung aller abdominalen Kompressionssyndrome mit der PixelFlux Technik.<\/p>","protected":false},"excerpt":{"rendered":"<p>Die Ursachen sowohl von Migr\u00e4ne als auch Multipler Sklerose sind vielf\u00e4ltig und gro\u00dfteils noch unklar. Bereits 2007 habe ich das Konzept eines Zusammenhangs zwischen ven\u00f6ser Stauung der Mittellienenorgane und Migr\u00e4ne (Scholbach T. From the nutcracker-phenomenon of the left renal vein to the midline congestion syndrome as a cause of migraine, headache, back and abdominal pain [&hellip;]<\/p>\n","protected":false},"author":5,"featured_media":0,"parent":0,"menu_order":0,"comment_status":"closed","ping_status":"closed","template":"","meta":{"om_disable_all_campaigns":false,"footnotes":""},"class_list":["post-4208","page","type-page","status-publish","hentry"],"_links":{"self":[{"href":"https:\/\/scholbach.de\/de\/wp-json\/wp\/v2\/pages\/4208","targetHints":{"allow":["GET"]}}],"collection":[{"href":"https:\/\/scholbach.de\/de\/wp-json\/wp\/v2\/pages"}],"about":[{"href":"https:\/\/scholbach.de\/de\/wp-json\/wp\/v2\/types\/page"}],"author":[{"embeddable":true,"href":"https:\/\/scholbach.de\/de\/wp-json\/wp\/v2\/users\/5"}],"replies":[{"embeddable":true,"href":"https:\/\/scholbach.de\/de\/wp-json\/wp\/v2\/comments?post=4208"}],"version-history":[{"count":34,"href":"https:\/\/scholbach.de\/de\/wp-json\/wp\/v2\/pages\/4208\/revisions"}],"predecessor-version":[{"id":4413,"href":"https:\/\/scholbach.de\/de\/wp-json\/wp\/v2\/pages\/4208\/revisions\/4413"}],"wp:attachment":[{"href":"https:\/\/scholbach.de\/de\/wp-json\/wp\/v2\/media?parent=4208"}],"curies":[{"name":"wp","href":"https:\/\/api.w.org\/{rel}","templated":true}]}}