{"id":39,"date":"2015-12-26T17:01:17","date_gmt":"2015-12-26T17:01:17","guid":{"rendered":"http:\/\/wp12612379.server-he.de\/?page_id=39"},"modified":"2025-02-05T19:47:17","modified_gmt":"2025-02-05T18:47:17","slug":"anfahrt","status":"publish","type":"page","link":"https:\/\/scholbach.de\/de\/praxis\/anfahrt","title":{"rendered":"Anfahrt"},"content":{"rendered":"<p><strong>Wie kommen Sie zu meiner Praxis in der Konradstra\u00dfe 52 in 04315 Leipzig?<\/strong><\/p>\n<div class=\"mapouter\">\n<div class=\"gmap_canvas\">\n<p><iframe loading=\"lazy\" id=\"gmap_canvas\" src=\"https:\/\/maps.google.com\/maps?q=KOnradstrasse%2052&amp;t=&amp;z=13&amp;ie=UTF8&amp;iwloc=&amp;output=embed\" width=\"600\" height=\"500\" frameborder=\"0\" marginwidth=\"0\" marginheight=\"0\" scrolling=\"no\" data-mce-fragment=\"1\"><\/iframe><\/p>\n<\/div>\n<\/div>\n<p><strong>Mit dem Zug<\/strong><\/p>\n<p>Vom Leipziger Hauptbahnhof aus nehmen Sie die Stra\u00dfenbahnlinie 1 (mit Endziel Mockau) oder 3 (Endziel Taucha) bis zur Haltestelle Herrmann-Liebmann-Stra\u00dfe.<\/p>\n<p><strong>Mit dem Flugzeug<\/strong><\/p>\n<p>Sie kommen am Flughafen Leipzig LEJ (Leipzig-Halle) an. Nehmen Sie den Zug zum Leipziger Hauptbahnhof. Am Leipziger Hauptbahnhof angekommen, nehmen Sie die Stra\u00dfenbahn Nr. 1 (mit Endziel Mockau) oder Nr. 3 (Endziel Taucha) bis zur Haltestelle Herrmann-Liebmann-Stra\u00dfe.<\/p>","protected":false},"excerpt":{"rendered":"<p>Wie kommen Sie zu meiner Praxis in der Konradstra\u00dfe 52 in 04315 Leipzig? Mit dem Zug Vom Leipziger Hauptbahnhof aus nehmen Sie die Stra\u00dfenbahnlinie 1 (mit Endziel Mockau) oder 3 (Endziel Taucha) bis zur Haltestelle Herrmann-Liebmann-Stra\u00dfe. Mit dem Flugzeug Sie kommen am Flughafen Leipzig LEJ (Leipzig-Halle) an. Nehmen Sie den Zug zum Leipziger Hauptbahnhof. Am [&hellip;]<\/p>\n","protected":false},"author":4,"featured_media":0,"parent":6,"menu_order":4,"comment_status":"closed","ping_status":"closed","template":"","meta":{"om_disable_all_campaigns":false,"footnotes":""},"class_list":["post-39","page","type-page","status-publish","hentry"],"_links":{"self":[{"href":"https:\/\/scholbach.de\/de\/wp-json\/wp\/v2\/pages\/39","targetHints":{"allow":["GET"]}}],"collection":[{"href":"https:\/\/scholbach.de\/de\/wp-json\/wp\/v2\/pages"}],"about":[{"href":"https:\/\/scholbach.de\/de\/wp-json\/wp\/v2\/types\/page"}],"author":[{"embeddable":true,"href":"https:\/\/scholbach.de\/de\/wp-json\/wp\/v2\/users\/4"}],"replies":[{"embeddable":true,"href":"https:\/\/scholbach.de\/de\/wp-json\/wp\/v2\/comments?post=39"}],"version-history":[{"count":34,"href":"https:\/\/scholbach.de\/de\/wp-json\/wp\/v2\/pages\/39\/revisions"}],"predecessor-version":[{"id":9115,"href":"https:\/\/scholbach.de\/de\/wp-json\/wp\/v2\/pages\/39\/revisions\/9115"}],"up":[{"embeddable":true,"href":"https:\/\/scholbach.de\/de\/wp-json\/wp\/v2\/pages\/6"}],"wp:attachment":[{"href":"https:\/\/scholbach.de\/de\/wp-json\/wp\/v2\/media?parent=39"}],"curies":[{"name":"wp","href":"https:\/\/api.w.org\/{rel}","templated":true}]}}