{"id":374,"date":"2016-06-14T15:11:19","date_gmt":"2016-06-14T15:11:19","guid":{"rendered":"http:\/\/wp12612379.server-he.de\/?page_id=374"},"modified":"2020-04-05T14:12:57","modified_gmt":"2020-04-05T14:12:57","slug":"truncus-coeliacus-kompression","status":"publish","type":"page","link":"https:\/\/scholbach.de\/de\/wissenschaft\/deutsch-ultraschalldiagnostik\/deutsch-gefaskompressionen\/truncus-coeliacus-kompression","title":{"rendered":"Truncus-coeliacus-Kompression \/ Dunbar-Syndrom \/ MALS \/ Ligamentum arcuatum-Syndrom"},"content":{"rendered":"<p>Dieses Gef\u00e4\u00dfkompressionssyndrom wird in seiner H\u00e4ufigkeit nur vom Nussknackerph\u00e4nomen \u00fcbertroffen. Bislang habe ich weit \u00fcber 1000 Patienten diagnostiziert und behandelt. Die h\u00e4ufigsten Beschwerden bei der Kompression des Truncus coeliacus und des auf ihm liegenden Ganglion coeliacums (des Sonnengeflechtes &#8211; \u201aPlexus solaris\u2018) sind Bauchschmerzen, Herzschmerzen (genauer gesagt: Schmerzen in der Herzgegend), Schmerzen im Brustkorb, Atembehinderung, \u00dcbelkeit, Schwindel, Schwarzwerden vor den Augen, Kollapsneigung, Bauchschmerzen und Durchfall nach dem Essen sowie verminderte Belastbarkeit im Sport oder bei k\u00f6rperlicher Anstrengung.<\/p>\n<p>Das Krankheitsbild, auch als Dunbar-Syndrom, MALS (Median Arcuate Ligament Syndrom), Ligamentum arcuatum-Syndrom, Ganglion-coeliacum-Kompressionssyndrom (die wohl treffendste Bezeichnung), celiac artery compression syndrome oder celiac trunk compression syndrome bezeichnet, ist mit herk\u00f6mmlichen Methoden schwer zu diagnostizieren und bleibt daher lange unerkannt. Wegen der Vielzahl unterschiedlicher Symptome und der oft hervorstechenden vegetativen Symptomatik werden die Patienten bei \u00c4rzten verschiedenster Disziplinen vorstellig, oft ohne dass ihre Beschwerden gekl\u00e4rt werden k\u00f6nnten. Schlie\u00dflich werden sie oft zur psychologischen oder psychiatrischen Therapie weiterempfohlen, was oft ebenfalls keine befriedigende L\u00f6sung darstellt. Mit der funktionellen Farbdopplersonografie kann die Ursache eindeutig identifiziert werden und eine urs\u00e4chliche Behandlung, die laparoskopische, operative Dekompression des Ganglions, beginnen, die regelm\u00e4\u00dfig zur sofortigen und anhaltenden Beschwerdefreiheit f\u00fchrt.<\/p>\n<p>Die Beschwerden beim Truncus-coeliacus-Kompressionssyndrom entstehen, weil das Zwerchfell das Nervengeflecht auf dem Truncus w\u00e4hrend der Atmung regelrecht abquetscht und gemeinsam mit dem Gef\u00e4\u00df verdr\u00e4ngt.<\/p>\n<p>Betroffene haben eine <a href=\"http:\/\/dunbar-syndrom.org\/viewtopic.php?f=11&amp;t=13&amp;sid=fcf3c3b3f1be3a8cc527899b056ababa\">Informationswebsite und ein Forum<\/a> geschaffen.<\/p>\n<p>In der folgenden Abbildung ist links dargestellt, wie der Truncus bei tiefer Einatmung (Inspiration) freiliegt und gestreckt ist. Die rechte Abbildung zeigt zum Vergleich die hakenf\u00f6rmige Verdr\u00e4ngung des Truncus, die Einengung und die daraus resultieren Flussbeschleunigung bei Ausatmung (Exspiration):<\/p>\n<p><img decoding=\"async\" class=\"alignnone size-large wp-image-392\" src=\"http:\/\/wp12612379.server-he.de\/wp-content\/uploads\/2016\/06\/Truncus-Coeliacus-Kompression-1024x469.jpg\" alt=\"Truncus-Coeliacus-Kompression\" width=\"100%\" height=\"auto\" srcset=\"https:\/\/scholbach.de\/wp-content\/uploads\/2016\/06\/Truncus-Coeliacus-Kompression-1024x469.jpg 1024w, https:\/\/scholbach.de\/wp-content\/uploads\/2016\/06\/Truncus-Coeliacus-Kompression-300x137.jpg 300w, https:\/\/scholbach.de\/wp-content\/uploads\/2016\/06\/Truncus-Coeliacus-Kompression.jpg 1073w\" sizes=\"(max-width: 1024px) 100vw, 1024px\" \/><\/p>\n<p>Die erh\u00f6hten Flussgeschwindigkeiten in den verschiedenen Atemphasen sind in folgendem Video erkennbar:<\/p>\n<p><iframe loading=\"lazy\" title=\"Truncus coeliacus-Kompressionssyndrom\" frameborder=\"0\" width=\"500\" height=\"334\" src=\"https:\/\/geo.dailymotion.com\/player.html?video=x3mx9ho&#038;\" allowfullscreen allow=\"autoplay; fullscreen; picture-in-picture; web-share\"><\/iframe><\/p>\n<p>&nbsp;<\/p>\n<p>Bitte beachten Sie unsere <a href=\"https:\/\/scholbach.de\/hinweise-zu-medizinischen-erlaeuterungen\">Hinweise zu den medizinischen Erl\u00e4uterungen<\/a> auf dieser Website.<\/p>","protected":false},"excerpt":{"rendered":"<p>Dieses Gef\u00e4\u00dfkompressionssyndrom wird in seiner H\u00e4ufigkeit nur vom Nussknackerph\u00e4nomen \u00fcbertroffen. Bislang habe ich weit \u00fcber 1000 Patienten diagnostiziert und behandelt. Die h\u00e4ufigsten Beschwerden bei der Kompression des Truncus coeliacus und des auf ihm liegenden Ganglion coeliacums (des Sonnengeflechtes &#8211; \u201aPlexus solaris\u2018) sind Bauchschmerzen, Herzschmerzen (genauer gesagt: Schmerzen in der Herzgegend), Schmerzen im Brustkorb, Atembehinderung, \u00dcbelkeit, [&hellip;]<\/p>\n","protected":false},"author":4,"featured_media":0,"parent":66,"menu_order":5,"comment_status":"open","ping_status":"open","template":"","meta":{"om_disable_all_campaigns":false,"footnotes":""},"class_list":["post-374","page","type-page","status-publish","hentry"],"_links":{"self":[{"href":"https:\/\/scholbach.de\/de\/wp-json\/wp\/v2\/pages\/374","targetHints":{"allow":["GET"]}}],"collection":[{"href":"https:\/\/scholbach.de\/de\/wp-json\/wp\/v2\/pages"}],"about":[{"href":"https:\/\/scholbach.de\/de\/wp-json\/wp\/v2\/types\/page"}],"author":[{"embeddable":true,"href":"https:\/\/scholbach.de\/de\/wp-json\/wp\/v2\/users\/4"}],"replies":[{"embeddable":true,"href":"https:\/\/scholbach.de\/de\/wp-json\/wp\/v2\/comments?post=374"}],"version-history":[{"count":58,"href":"https:\/\/scholbach.de\/de\/wp-json\/wp\/v2\/pages\/374\/revisions"}],"predecessor-version":[{"id":4425,"href":"https:\/\/scholbach.de\/de\/wp-json\/wp\/v2\/pages\/374\/revisions\/4425"}],"up":[{"embeddable":true,"href":"https:\/\/scholbach.de\/de\/wp-json\/wp\/v2\/pages\/66"}],"wp:attachment":[{"href":"https:\/\/scholbach.de\/de\/wp-json\/wp\/v2\/media?parent=374"}],"curies":[{"name":"wp","href":"https:\/\/api.w.org\/{rel}","templated":true}]}}