{"id":3520,"date":"2019-10-06T08:36:56","date_gmt":"2019-10-06T08:36:56","guid":{"rendered":"https:\/\/scholbach.de\/?page_id=3520"},"modified":"2022-11-12T14:24:51","modified_gmt":"2022-11-12T14:24:51","slug":"funktioneller-farbdoppler-ultraschall-wie-ich-ihn-verstehe","status":"publish","type":"page","link":"https:\/\/scholbach.de\/de\/funktioneller-farbdoppler-ultraschall-wie-ich-ihn-verstehe","title":{"rendered":"Funktioneller Farbdoppler-Ultraschall : wie ich ihn verstehe"},"content":{"rendered":"<p>Ich biete Ihnen die bestm\u00f6gliche Ultraschalltechnik f\u00fcr Ihre Symptome.<\/p>\n<p>Mein oberstes Ziel ist es, Ihnen zu helfen, einen Weg zu finden, die beste Behandlung zu bekommen, und nicht nur dieses oder jenes Verfahren durchf\u00fchren zu lassen.<\/p>\n<p>Das hei\u00dft, ich schaue viel l\u00e4nger hin und beobachte genau Ihre Symptome, anstatt Routine abzuarbeiten und Sie mit der Aussage nach Hause zu schicken: &#8222;Alles ist in Ordnung!&#8220;, obwohl Sie Schmerzen haben, nicht essen k\u00f6nnen, sich \u00fcbergeben m\u00fcssen oder andere Beschwerden haben.<\/p>\n<p>Gute Medizin befreit Sie von Ihren Beschwerden und l\u00e4sst Sie nicht allein.<\/p>\n<p>Nat\u00fcrlich ist das medizinische Wissen begrenzt, aber die Grenzen sind nicht bestimmte Fachgebiete, die den Menschen in isolierte Teile aufspalten.<\/p>\n<p>Stattdessen \u00fcberbr\u00fcckt mein Ansatz die Grenzen von Organen und Fachgebieten.<\/p>\n<p>Ich betrachte alle Organe und alle Ihre Symptome, ob sie nun traditionell zur Gastroenterologie, Nephrologie, Urologie, Gyn\u00e4kologie, Neurologie, P\u00e4diatrie, Chirurgie, Angiologie, Psychiatrie, Kardiologie, Orthop\u00e4die, Fetalmedizin oder Dermatologie geh\u00f6ren.<\/p>\n<p>Der Ultraschall bringt all diese Fachgebiete zusammen.<\/p>\n<p>Der funktionelle Farbdoppler-Ultraschall geht weit \u00fcber den herk\u00f6mmlichen Ultraschall hinaus.<\/p>\n<p>Herk\u00f6mmliche Ultraschalluntersuchungen betrachten im Wesentlichen die Gestalt der Organe in Schwarz-Wei\u00df-Bildern.<\/p>\n<p>Der Farbdoppler-Ultraschall jedoch untersucht bewegte, dynamische Vorg\u00e4nge: Blutstr\u00f6mungen, die Darmperistaltik, die Kontraktion der Harnleiter, die Entleerung der Harn- oder Gallenblase, den Liquorfluss, das Schwingen der Herzklappen, die Kontraktion der Vorh\u00f6fe und Kammern des Herzens, das \u00d6ffnen und Schlie\u00dfen der Venenklappen, die Vasomotion der Nabelvene (die \u00fcbrigens von unserer Forschungsgruppe erstmals bei F\u00f6ten beobachtet und gemessen wurde), die Bewegungen des Zwerchfells, das Gleiten des Rippenfells &#8211; all diese Ph\u00e4nomene lassen sich mit dem Farbdoppler-Ultraschall genau beschreiben.<\/p>\n<p>Aber wir gehen noch weiter.<\/p>\n<p>Wir haben die weltweit erste sonographische Methode entwickelt, um diese Bewegungen zu quantifizieren &#8211; die PixelFlux-Technik.<\/p>\n<p>Auf diese Weise k\u00f6nnen wir genau messen und vergleichen, wie viel Blut in ein Organ, in ein Gewebe und sogar in verschiedene \u00c4ste des Gef\u00e4\u00dfbaums eines Organs flie\u00dft.<\/p>\n<p>Besser als mit jeder anderen Technik k\u00f6nnen wir den Funktionszustand eines Organs und St\u00f6rungen seiner Blutversorgung genau beurteilen.<\/p>\n<p>Au\u00dferdem k\u00f6nnen wir Entz\u00fcndungen vor Ort messen und den Erfolg oder Misserfolg von Behandlungen beurteilen.<\/p>\n<p>All dies geschieht in einer einzigen Untersuchung.<\/p>\n<p>Ich bin f\u00fcr alle diese Verfahren zertifiziert. Mit einer einzigen Untersuchung erhalten Sie also Antworten aus vielen medizinischen Fachbereichen.<\/p>\n<p>&nbsp;<\/p>\n<p>Aber wir h\u00f6ren hier nicht auf. Wir wiederholen all dies unter wechselnden \u00e4u\u00dferen Bedingungen.<\/p>\n<p>&nbsp;<\/p>\n<p>Wenn Ihre Symptome mit der Verdauung zusammenh\u00e4ngen, untersuche ich Sie vor, w\u00e4hrend und nach einer Mahlzeit. Wenn sie von der K\u00f6rperhaltung abh\u00e4ngen, untersuche ich Sie in verschiedenen horizontalen Positionen, im Sitzen, im Stehen und sogar w\u00e4hrend oder nach bestimmten Anstrengungen.<\/p>\n<p>Ich untersuche Sie in verschiedenen Atempositionen, mit voller und leerer Blase, in verschiedenen Stellungen bestimmter Gelenke &#8230; und so weiter.<\/p>\n<p>Am Ende erhalten Sie ein Ergebnis, das eine zuverl\u00e4ssige und solide Grundlage f\u00fcr Behandlungsentscheidungen ist.<\/p>\n<p>&nbsp;<\/p>\n<p>Ich zeige Ihnen jedes Detail der Untersuchung auf dem Bildschirm, w\u00e4hrend Sie 1-2h untersucht werden. Ich erkl\u00e4re Ihnen alle meine Schlussfolgerungen und gebe Ihnen eine Skizze von schwierigen anatomischen Befunden.<\/p>\n<p>Ich teile Ihnen und allen \u00fcberweisenden \u00c4rzten alle Ergebnisse in einem ausf\u00fchrlichen Bericht mit allen Messungen und allen relevanten Bildern mit.<\/p>\n<p>Das ist funktioneller Ultraschall, wie ich ihn verstehe &#8211; und <a href=\"https:\/\/scholbach.de\/what-patients-say-continuition\">Patienten aus der ganzen Welt sch\u00e4tzen ihn<\/a>.<\/p>\n<p>&nbsp;<\/p>","protected":false},"excerpt":{"rendered":"<p>Ich biete Ihnen die bestm\u00f6gliche Ultraschalltechnik f\u00fcr Ihre Symptome. Mein oberstes Ziel ist es, Ihnen zu helfen, einen Weg zu finden, die beste Behandlung zu bekommen, und nicht nur dieses oder jenes Verfahren durchf\u00fchren zu lassen. Das hei\u00dft, ich schaue viel l\u00e4nger hin und beobachte genau Ihre Symptome, anstatt Routine abzuarbeiten und Sie mit der [&hellip;]<\/p>\n","protected":false},"author":5,"featured_media":0,"parent":0,"menu_order":0,"comment_status":"closed","ping_status":"closed","template":"","meta":{"om_disable_all_campaigns":false,"footnotes":""},"class_list":["post-3520","page","type-page","status-publish","hentry"],"_links":{"self":[{"href":"https:\/\/scholbach.de\/de\/wp-json\/wp\/v2\/pages\/3520","targetHints":{"allow":["GET"]}}],"collection":[{"href":"https:\/\/scholbach.de\/de\/wp-json\/wp\/v2\/pages"}],"about":[{"href":"https:\/\/scholbach.de\/de\/wp-json\/wp\/v2\/types\/page"}],"author":[{"embeddable":true,"href":"https:\/\/scholbach.de\/de\/wp-json\/wp\/v2\/users\/5"}],"replies":[{"embeddable":true,"href":"https:\/\/scholbach.de\/de\/wp-json\/wp\/v2\/comments?post=3520"}],"version-history":[{"count":35,"href":"https:\/\/scholbach.de\/de\/wp-json\/wp\/v2\/pages\/3520\/revisions"}],"predecessor-version":[{"id":7664,"href":"https:\/\/scholbach.de\/de\/wp-json\/wp\/v2\/pages\/3520\/revisions\/7664"}],"wp:attachment":[{"href":"https:\/\/scholbach.de\/de\/wp-json\/wp\/v2\/media?parent=3520"}],"curies":[{"name":"wp","href":"https:\/\/api.w.org\/{rel}","templated":true}]}}