{"id":3477,"date":"2019-09-15T15:01:27","date_gmt":"2019-09-15T15:01:27","guid":{"rendered":"https:\/\/scholbach.de\/?page_id=3477"},"modified":"2021-07-18T20:23:43","modified_gmt":"2021-07-18T20:23:43","slug":"english-curtain-effect-of-venous-stents","status":"publish","type":"page","link":"https:\/\/scholbach.de\/de\/english-curtain-effect-of-venous-stents","title":{"rendered":"Die Vorhangwirkung von ven\u00f6sen Stents"},"content":{"rendered":"<p><div style=\"width: 1920px;\" class=\"wp-video\"><!--[if lt IE 9]><script>document.createElement('video');<\/script><![endif]-->\n<video class=\"wp-video-shortcode\" id=\"video-3477-1\" width=\"1920\" height=\"1080\" preload=\"metadata\" controls=\"controls\"><source type=\"video\/mp4\" src=\"https:\/\/scholbach.de\/wp-content\/uploads\/2019\/09\/curtain-effect.mp4?_=1\" \/><a href=\"https:\/\/scholbach.de\/wp-content\/uploads\/2019\/09\/curtain-effect.mp4\">https:\/\/scholbach.de\/wp-content\/uploads\/2019\/09\/curtain-effect.mp4<\/a><\/video><\/div><\/p>\n<p>Ven\u00f6se Stents haben viele sch\u00e4dliche Auswirkungen auf die Venen bei abdominalen Gef\u00e4\u00dfkompressionssyndromen.<\/p>\n<p>Der Vorhang-Effekt ist nur eine von ihnen, aber die relevanteste. Das Video zeigt die Verst\u00e4rkung des Vorhangseffekts, der an sich schon eine verminderte oder fast fehlende Stentfunktion verursacht, auch bei scheinbar offenen Stents.<\/p>\n<p>K\u00f6rperbewegungen oder Atmung f\u00fchren zu einer st\u00e4ndigen Reizung der Vene durch das Hineinmei\u00dfeln des Stents in die Venenwand. Der Stent schneidet wie ein Hohlmei\u00dfel in die Wand der Vene und verursacht oft unertr\u00e4gliche Schmerzen an der Stelle der Penetration.<\/p>\n<p>&nbsp;<\/p>\n<div id=\"attachment_4306\" style=\"width: 462px\" class=\"wp-caption aligncenter\"><a href=\"https:\/\/scholbach.de\/wp-content\/uploads\/2020\/03\/poking-stent.jpg\"><img loading=\"lazy\" decoding=\"async\" aria-describedby=\"caption-attachment-4306\" class=\"wp-image-4306\" src=\"https:\/\/scholbach.de\/wp-content\/uploads\/2020\/03\/poking-stent-300x169.jpg\" alt=\"\" width=\"452\" height=\"255\" srcset=\"https:\/\/scholbach.de\/wp-content\/uploads\/2020\/03\/poking-stent-300x169.jpg 300w, https:\/\/scholbach.de\/wp-content\/uploads\/2020\/03\/poking-stent-1024x576.jpg 1024w, https:\/\/scholbach.de\/wp-content\/uploads\/2020\/03\/poking-stent-768x432.jpg 768w, https:\/\/scholbach.de\/wp-content\/uploads\/2020\/03\/poking-stent.jpg 1280w\" sizes=\"auto, (max-width: 452px) 100vw, 452px\" \/><\/a><p id=\"caption-attachment-4306\" class=\"wp-caption-text\">Poking apertures of a left renal venous stent &#8211; the triangular peaks of the stent aperture penetrate the wall of the left renal vein and the vena cava. Image by courtesy of Prof. W. Sandmann<\/p><\/div>\n<div id=\"attachment_4312\" style=\"width: 476px\" class=\"wp-caption aligncenter\"><a href=\"https:\/\/scholbach.de\/wp-content\/uploads\/2020\/03\/triangular-peaks-stent-opening-2.jpg\"><img loading=\"lazy\" decoding=\"async\" aria-describedby=\"caption-attachment-4312\" class=\"wp-image-4312 \" src=\"https:\/\/scholbach.de\/wp-content\/uploads\/2020\/03\/triangular-peaks-stent-opening-2-300x169.jpg\" alt=\"\" width=\"466\" height=\"263\" srcset=\"https:\/\/scholbach.de\/wp-content\/uploads\/2020\/03\/triangular-peaks-stent-opening-2-300x169.jpg 300w, https:\/\/scholbach.de\/wp-content\/uploads\/2020\/03\/triangular-peaks-stent-opening-2-1024x576.jpg 1024w, https:\/\/scholbach.de\/wp-content\/uploads\/2020\/03\/triangular-peaks-stent-opening-2-768x432.jpg 768w, https:\/\/scholbach.de\/wp-content\/uploads\/2020\/03\/triangular-peaks-stent-opening-2.jpg 1280w\" sizes=\"auto, (max-width: 466px) 100vw, 466px\" \/><\/a><p id=\"caption-attachment-4312\" class=\"wp-caption-text\">Lateral view of the penetrating triangular peaks of the stent causing massive pain. Clearly visible: the curtain effect \u2013 the left renal vein hangs down in front of the left aperture of the stent. Image by courtesy of Prof. W. Sandmann<\/p><\/div>\n<p>CT und MRT k\u00f6nnen solche Mechanismen nicht erkennen, da es sich um statische und nicht-funktionale Bildgebungsverfahren handelt.<\/p>\n<p>Nur eine akribische, dynamische und funktionelle Sonographie mit Quantifizierung der Durchblutung kann die Ursache f\u00fcr die Schmerzen bei Patienten mit solchen Stents erkennen.<\/p>\n<p>&nbsp;<\/p>","protected":false},"excerpt":{"rendered":"<p>Ven\u00f6se Stents haben viele sch\u00e4dliche Auswirkungen auf die Venen bei abdominalen Gef\u00e4\u00dfkompressionssyndromen. Der Vorhang-Effekt ist nur eine von ihnen, aber die relevanteste. Das Video zeigt die Verst\u00e4rkung des Vorhangseffekts, der an sich schon eine verminderte oder fast fehlende Stentfunktion verursacht, auch bei scheinbar offenen Stents. K\u00f6rperbewegungen oder Atmung f\u00fchren zu einer st\u00e4ndigen Reizung der Vene [&hellip;]<\/p>\n","protected":false},"author":5,"featured_media":0,"parent":0,"menu_order":0,"comment_status":"closed","ping_status":"closed","template":"","meta":{"om_disable_all_campaigns":false,"footnotes":""},"class_list":["post-3477","page","type-page","status-publish","hentry"],"_links":{"self":[{"href":"https:\/\/scholbach.de\/de\/wp-json\/wp\/v2\/pages\/3477","targetHints":{"allow":["GET"]}}],"collection":[{"href":"https:\/\/scholbach.de\/de\/wp-json\/wp\/v2\/pages"}],"about":[{"href":"https:\/\/scholbach.de\/de\/wp-json\/wp\/v2\/types\/page"}],"author":[{"embeddable":true,"href":"https:\/\/scholbach.de\/de\/wp-json\/wp\/v2\/users\/5"}],"replies":[{"embeddable":true,"href":"https:\/\/scholbach.de\/de\/wp-json\/wp\/v2\/comments?post=3477"}],"version-history":[{"count":20,"href":"https:\/\/scholbach.de\/de\/wp-json\/wp\/v2\/pages\/3477\/revisions"}],"predecessor-version":[{"id":6471,"href":"https:\/\/scholbach.de\/de\/wp-json\/wp\/v2\/pages\/3477\/revisions\/6471"}],"wp:attachment":[{"href":"https:\/\/scholbach.de\/de\/wp-json\/wp\/v2\/media?parent=3477"}],"curies":[{"name":"wp","href":"https:\/\/api.w.org\/{rel}","templated":true}]}}