{"id":3176,"date":"2020-11-06T13:22:48","date_gmt":"2020-11-06T13:22:48","guid":{"rendered":"https:\/\/scholbach.de\/?page_id=3176"},"modified":"2026-03-16T09:41:57","modified_gmt":"2026-03-16T08:41:57","slug":"kaleidoscope-of-instructive-cases","status":"publish","type":"page","link":"https:\/\/scholbach.de\/de\/kaleidoscope-of-instructive-cases","title":{"rendered":"Kaleidoskop lehrreicher Krankheitsverl\u00e4ufe"},"content":{"rendered":"<p>&nbsp;<\/p>\n<p>Alle weiteren Beitr\u00e4ge auf der englischen Version dieser Webseite<\/p>\n<p>2023 07 07<\/p>\n<p><a title=\"Genital and sexual symptoms of vascular compression syndromes \u2013 patient with ulcer of labia minora\" href=\"https:\/\/scholbach.de\/genital-and-sexual-symptoms-of-vascular-compression-syndromes-patient-with-ulcer-of-labia-minora\">Genital and sexual symptoms of vascular compression syndromes \u2013 patient with ulcer of labia minora<\/a><\/p>\n<p>2023 07 05<\/p>\n<p><a title=\"Abdominal pain due to liver compression in slipping rib syndrome in an EDS patient\" href=\"https:\/\/scholbach.de\/abdominal-pain-due-to-liver-compression-in-slipping-rib-syndrome-in-an-eds-patient\">Abdominal pain due to liver compression in slipping rib syndrome in an EDS patient<\/a><\/p>\n<p>2023 06 15<\/p>\n<p><a href=\"https:\/\/scholbach.de\/gradually-increasing-unbearable-pain-in-the-left-flank-only-when-standing-or-sitting-first-description-of-a-new-compression-syndrome\">Allm\u00e4hlich zunehmende, unertr\u00e4gliche Schmerzen in der linken Flanke nur beim Stehen oder Sitzen &#8211; erstmalige Beschreibung eines neuen Kompressionssyndroms<\/a><\/p>\n<p>2023 06 08<\/p>\n<p><a href=\"https:\/\/scholbach.de\/de\/unbearable-abdominal-pain-only-while-standing#gsc.tab=0\">Unertr\u00e4gliche Bauchschmerzen nur im Stehen \u2013 mit PixelFlux ganz einfach diagnostiziert<\/a><\/p>\n<p>2023 03 11<\/p>\n<p><a title=\"Severe ataxia in a young woman with severe spinal congestion \u2013 complete resolution after decompression of the left renal vein\" href=\"https:\/\/scholbach.de\/severe-neurologic-disorders-as-a-consequence-of-abdominal-compression-syndromes-complete-disappearance-after-decompression-of-the-left-renal-vein\">Erfolgreiche Behandlung einer schweren neurologischen Erkrankung durch Dekompression der linken Nieren- und der linken Beckenvene bei einer jungen Frau mit progredienter Ataxie aufgrund einer ven\u00f6sen Stauung des R\u00fcckenmarks \u00fcber einen Tronc r\u00e9no-rachidi\u00e8n, die sie an den Rollstuhl fesselte<\/a><\/p>\n<p>2022 01 04<\/p>\n<p><a href=\"https:\/\/scholbach.de\/massive-painless-hematuria-never-in-the-morning-but-always-in-the-evening\">Massive hematuria never in the morning, but always in the evening &#8211; only PixelFlux knows the answer<\/a><\/p>\n<p>2021<\/p>\n<p><a href=\"https:\/\/scholbach.de\/enigma-resolved-vomiting-during-hip-stretching\">Enigma resolved: Voimiting, headaches, nausea and abdominal pain only disappear while flexing the hip<\/a><\/p>\n<p><a href=\"https:\/\/scholbach.de\/genitalschmerzen-beim-sitzen-manchmal-pudendusneuralgie-hier-lange-unentdeckte-subakute-bartholinitis-bei-hypermobiles-ehlers-danlos-syndrom-und-multiplen-kompressionssyndromen\">Genitalschmerzen beim Sitzen \u00a0&#8211; manchmal Pudendusneuralgie \u2013 hier lange unentdeckte subakute Bartholinitis bei hypermobiles Ehlers-Danlos-Syndrom und multiplen Kompressionssyndromen \u2013 Diagnose durch PixelFlux<\/a><\/p>\n<p><a href=\"https:\/\/scholbach.de\/unbearable-breast-pain-while-sitting\">Unertr\u00e4gliche Brustschmerzen beim Sitzen<\/a><\/p>\n<p><a href=\"https:\/\/scholbach.de\/swollen-bluish-feet-nausea-unbearable-epigastric-and-breast-pain-plus-breathlessness\">Geschwollene blaue F\u00fc\u00dfe, \u00dcbelkeit, unertr\u00e4gliche Oberbauch- und Brustschmerzen plus Atemnot<\/a><\/p>\n<p>&nbsp;<\/p>","protected":false},"excerpt":{"rendered":"<p>&nbsp; Alle weiteren Beitr\u00e4ge auf der englischen Version dieser Webseite 2023 07 07 Genital and sexual symptoms of vascular compression syndromes \u2013 patient with ulcer of labia minora 2023 07 05 Abdominal pain due to liver compression in slipping rib syndrome in an EDS patient 2023 06 15 Allm\u00e4hlich zunehmende, unertr\u00e4gliche Schmerzen in der linken [&hellip;]<\/p>\n","protected":false},"author":5,"featured_media":0,"parent":0,"menu_order":0,"comment_status":"closed","ping_status":"closed","template":"","meta":{"om_disable_all_campaigns":false,"footnotes":""},"class_list":["post-3176","page","type-page","status-publish","hentry"],"_links":{"self":[{"href":"https:\/\/scholbach.de\/de\/wp-json\/wp\/v2\/pages\/3176","targetHints":{"allow":["GET"]}}],"collection":[{"href":"https:\/\/scholbach.de\/de\/wp-json\/wp\/v2\/pages"}],"about":[{"href":"https:\/\/scholbach.de\/de\/wp-json\/wp\/v2\/types\/page"}],"author":[{"embeddable":true,"href":"https:\/\/scholbach.de\/de\/wp-json\/wp\/v2\/users\/5"}],"replies":[{"embeddable":true,"href":"https:\/\/scholbach.de\/de\/wp-json\/wp\/v2\/comments?post=3176"}],"version-history":[{"count":66,"href":"https:\/\/scholbach.de\/de\/wp-json\/wp\/v2\/pages\/3176\/revisions"}],"predecessor-version":[{"id":10125,"href":"https:\/\/scholbach.de\/de\/wp-json\/wp\/v2\/pages\/3176\/revisions\/10125"}],"wp:attachment":[{"href":"https:\/\/scholbach.de\/de\/wp-json\/wp\/v2\/media?parent=3176"}],"curies":[{"name":"wp","href":"https:\/\/api.w.org\/{rel}","templated":true}]}}