{"id":3158,"date":"2019-06-10T17:50:36","date_gmt":"2019-06-10T17:50:36","guid":{"rendered":"https:\/\/scholbach.de\/?page_id=3158"},"modified":"2020-04-05T14:12:11","modified_gmt":"2020-04-05T14:12:11","slug":"english-musculoskeletal-pecularities-of-female-puberty","status":"publish","type":"page","link":"https:\/\/scholbach.de\/de\/wissenschaft\/deutsch-ultraschalldiagnostik\/deutsch-gefaskompressionen\/english-musculoskeletal-pecularities-of-female-puberty","title":{"rendered":"Muskuloskelettale Besonderheiten der weiblichen Pubert\u00e4t"},"content":{"rendered":"<p>Gef\u00e4\u00dfkompressionssyndrome des Bauch- und Beckenraumes \u00fcberwiegen bei Frauen. In der t\u00e4glichen Praxis sind \u00fcber 90% der Betroffenen pr\u00e4- und postpubert\u00e4re M\u00e4dchen oder Frauen.<\/p>\n<p>Dies ist auf den pr\u00e4pubert\u00e4ren Wachstumsschub und die spezifischen Ver\u00e4nderungen des weiblichen Beckens in der Pubert\u00e4t zur\u00fcckzuf\u00fchren, die im Vergleich zu M\u00e4nnern zu einem breiteren und tieferen Becken f\u00fchren. Frauen entwickeln durch eine Vielzahl von spezifischen Ver\u00e4nderungen eine deutlich st\u00e4rkere Lendenlordose:<\/p>\n<p>Erstens verursacht die gr\u00f6\u00dfere Tiefe des Beckens seine vordere Neigung,<\/p>\n<p>Zweitens dehnen die breiteren H\u00fcften die Basis des Psoas-Dreiecks, das aus beiden Psoasmuskeln und einer virtuellen Verbindungslinie ihrer Ans\u00e4tze an den Oberschenkelknochen besteht. Die Verl\u00e4ngerung dieser Basis bei einer konstanten L\u00e4nge beider Muskeln zwingt zu einer Reduzierung der H\u00f6he dieses Dreiecks. Beide Mechanismen addieren sich zur allgemeinen menschlichen Lordogenese, die in der Evolution einzigartig ist und im Wesentlichen eine Folge der &#8222;physiologischen&#8220; \u00dcberdehnung der H\u00fcftgelenke ist.<\/p>\n<p>Menschliche H\u00fcftgelenke haben, wie alle anderen H\u00fcftgelenke von S\u00e4ugetieren, einen Bewegungsumfang, der durch die straffen und festen B\u00e4nder ihrer Kapsel eingeschr\u00e4nkt wird. Eine Oberschenkelposition von 90\u00b0 zur Lendenwirbels\u00e4ule gilt als Pendellinie eines ruhenden H\u00fcftgelenks. So kann ein menschliches Neugeborenes in R\u00fcckenlage seine Matratze nie mit den Knien ber\u00fchren, da es seine H\u00fcften noch nicht \u00fcberdehnen kann. Erst mit dem Beginn des zweibeinigen menschlichen Gehens nach ca. 12 Monaten wird die erwachsene Position der H\u00fcftgelenke schrittweise erreicht &#8211; und als &#8222;normal&#8220; definiert. Dies kann aber nur erreicht werden, wenn die H\u00fcftgelenke weiter als 45\u00b0 nach unten \u00fcberdehnt werden. Da eine reine Gelenkbewegung aufgrund der Fesselung des Oberschenkelknochens durch das ischiofemorale Band des H\u00fcftgelenks eine solche Position nicht erreichen kann, ist die einzige M\u00f6glichkeit, eine gestreckte Position des Oberschenkelknochens zu erreichen, eine Vorw\u00e4rtsneigung des menschlichen Beckens. Diese Neigung umfasst auch das Kreuzbein.<\/p>\n<p>Die Lendenwirbels\u00e4ule, die am Kreuzbein ansetzt, muss diese Vorw\u00e4rtsneigung durch eine gleicherma\u00dfen starke R\u00fcckw\u00e4rtskr\u00fcmmung kompensieren &#8211; dies ist die menschliche Lendenlordose, die nicht angeboren ist. Somit ist die Lendenlordose die einzigartige menschliche Antwort auf die Schwerkraft . Sie ist bei Frauen viel ausgepr\u00e4gter als bei M\u00e4nnern und verursacht eine Reihe von Gef\u00e4\u00dfkompressionssyndromen (MALS, Nussknacker-Syndrom, Superior mesenteric artery syndrome, May-Thurner-Syndrom, Lumbalartery syndrome und andere), vornehmlich bei Frauen.<\/p>","protected":false},"excerpt":{"rendered":"<p>Gef\u00e4\u00dfkompressionssyndrome des Bauch- und Beckenraumes \u00fcberwiegen bei Frauen. In der t\u00e4glichen Praxis sind \u00fcber 90% der Betroffenen pr\u00e4- und postpubert\u00e4re M\u00e4dchen oder Frauen. Dies ist auf den pr\u00e4pubert\u00e4ren Wachstumsschub und die spezifischen Ver\u00e4nderungen des weiblichen Beckens in der Pubert\u00e4t zur\u00fcckzuf\u00fchren, die im Vergleich zu M\u00e4nnern zu einem breiteren und tieferen Becken f\u00fchren. Frauen entwickeln durch [&hellip;]<\/p>\n","protected":false},"author":5,"featured_media":0,"parent":66,"menu_order":2,"comment_status":"closed","ping_status":"closed","template":"","meta":{"om_disable_all_campaigns":false,"footnotes":""},"class_list":["post-3158","page","type-page","status-publish","hentry"],"_links":{"self":[{"href":"https:\/\/scholbach.de\/de\/wp-json\/wp\/v2\/pages\/3158","targetHints":{"allow":["GET"]}}],"collection":[{"href":"https:\/\/scholbach.de\/de\/wp-json\/wp\/v2\/pages"}],"about":[{"href":"https:\/\/scholbach.de\/de\/wp-json\/wp\/v2\/types\/page"}],"author":[{"embeddable":true,"href":"https:\/\/scholbach.de\/de\/wp-json\/wp\/v2\/users\/5"}],"replies":[{"embeddable":true,"href":"https:\/\/scholbach.de\/de\/wp-json\/wp\/v2\/comments?post=3158"}],"version-history":[{"count":8,"href":"https:\/\/scholbach.de\/de\/wp-json\/wp\/v2\/pages\/3158\/revisions"}],"predecessor-version":[{"id":4422,"href":"https:\/\/scholbach.de\/de\/wp-json\/wp\/v2\/pages\/3158\/revisions\/4422"}],"up":[{"embeddable":true,"href":"https:\/\/scholbach.de\/de\/wp-json\/wp\/v2\/pages\/66"}],"wp:attachment":[{"href":"https:\/\/scholbach.de\/de\/wp-json\/wp\/v2\/media?parent=3158"}],"curies":[{"name":"wp","href":"https:\/\/api.w.org\/{rel}","templated":true}]}}