{"id":2962,"date":"2019-02-10T16:33:45","date_gmt":"2019-02-10T16:33:45","guid":{"rendered":"https:\/\/scholbach.de\/?page_id=2962"},"modified":"2020-04-05T14:07:35","modified_gmt":"2020-04-05T14:07:35","slug":"gefaesskompressionsphaenomene-darstellung-fuer-patientinnen-und-patienten","status":"publish","type":"page","link":"https:\/\/scholbach.de\/de\/gefaesskompressionsphaenomene-darstellung-fuer-patientinnen-und-patienten","title":{"rendered":"Gef\u00e4\u00dfkompressionsph\u00e4nomene \u2013 Darstellung f\u00fcr Patientinnen und Patienten"},"content":{"rendered":"<p><a href=\"https:\/\/scholbach.de\/wp-content\/uploads\/2017\/06\/2017-06-04-Gef\u00e4\u00dfkompressionsph\u00e4nomene.pdf\">Download: Gef\u00e4\u00dfkompressionsph\u00e4nomene \u2013 Darstellung f\u00fcr Patientinnen und Patienten<\/a><\/p>\n<p><a href=\"https:\/\/scholbach.de\/wp-content\/uploads\/2017\/06\/2017-06-04-Gef\u00e4\u00dfkompressionsph\u00e4nomene.pdf\" class=\"pdfemb-viewer\" style=\"\" data-width=\"max\" data-height=\"max\" data-mobile-width=\"500\"  data-scrollbar=\"none\" data-download=\"on\" data-tracking=\"on\" data-newwindow=\"on\" data-pagetextbox=\"off\" data-scrolltotop=\"off\" data-startzoom=\"100\" data-startfpzoom=\"100\" data-toolbar=\"both\" data-toolbar-fixed=\"off\">2017 06 04-Gef\u00e4\u00dfkompressionsph\u00e4nomene<br\/><\/a><\/p>","protected":false},"excerpt":{"rendered":"<p>Download: Gef\u00e4\u00dfkompressionsph\u00e4nomene \u2013 Darstellung f\u00fcr Patientinnen und Patienten<\/p>\n","protected":false},"author":5,"featured_media":0,"parent":0,"menu_order":0,"comment_status":"closed","ping_status":"closed","template":"","meta":{"om_disable_all_campaigns":false,"footnotes":""},"class_list":["post-2962","page","type-page","status-publish","hentry"],"_links":{"self":[{"href":"https:\/\/scholbach.de\/de\/wp-json\/wp\/v2\/pages\/2962","targetHints":{"allow":["GET"]}}],"collection":[{"href":"https:\/\/scholbach.de\/de\/wp-json\/wp\/v2\/pages"}],"about":[{"href":"https:\/\/scholbach.de\/de\/wp-json\/wp\/v2\/types\/page"}],"author":[{"embeddable":true,"href":"https:\/\/scholbach.de\/de\/wp-json\/wp\/v2\/users\/5"}],"replies":[{"embeddable":true,"href":"https:\/\/scholbach.de\/de\/wp-json\/wp\/v2\/comments?post=2962"}],"version-history":[{"count":5,"href":"https:\/\/scholbach.de\/de\/wp-json\/wp\/v2\/pages\/2962\/revisions"}],"predecessor-version":[{"id":4409,"href":"https:\/\/scholbach.de\/de\/wp-json\/wp\/v2\/pages\/2962\/revisions\/4409"}],"wp:attachment":[{"href":"https:\/\/scholbach.de\/de\/wp-json\/wp\/v2\/media?parent=2962"}],"curies":[{"name":"wp","href":"https:\/\/api.w.org\/{rel}","templated":true}]}}