{"id":2853,"date":"2019-01-24T21:21:06","date_gmt":"2019-01-24T21:21:06","guid":{"rendered":"https:\/\/scholbach.de\/?page_id=2853"},"modified":"2024-12-01T13:57:11","modified_gmt":"2024-12-01T12:57:11","slug":"checkliste-gefaesskompressionssyndrome","status":"publish","type":"page","link":"https:\/\/scholbach.de\/de\/gefaesskompressionsphaenomene-darstellung-fuer-patientinnen-und-patienten\/checkliste-gefaesskompressionssyndrome","title":{"rendered":"Checkliste Gef\u00e4\u00dfkompressionssyndrome"},"content":{"rendered":"<p>Bei folgenden oft chronischen und ausgepr\u00e4gten Symptomen sollte eine funktionelle, quantitative Farbduplexsonografie zum Nachweis oder Ausschluss von Gef\u00e4\u00dfkompressionsyndromen vereinbart werden:<\/p>\n<p><a id=\"anfang\" href=\"#Bauchraum\">Bauchraum<\/a>, <a href=\"#Becken\">Becken<\/a>, <a href=\"#Genitale\">Genitale<\/a> , <a href=\"#Brustkorb\">Brustkorb<\/a>, <a href=\"#Kopf\">Kopf<\/a>, <a href=\"#R\u00fccken\">R\u00fccken<\/a>, <a href=\"#Beine\">Beine<\/a>, <a href=\"#vegetative Beschwerden\">vegetative Beschwerden<\/a><\/p>\n<h2><a name=\"Bauchraum\"><\/a> Bauchraum<\/h2>\n<p style=\"padding-left: 30px;\">chronische Schmerzen, vor allem im Oberbauch, unter dem Brustbein<\/p>\n<p style=\"padding-left: 30px;\">Flankenschmerzen &#8211; besonders links<\/p>\n<p style=\"padding-left: 30px;\">Schmerzverst\u00e4rkung nach dem Essen<\/p>\n<p style=\"padding-left: 30px;\">Unf\u00e4higkeit, ausreichend zu essen<\/p>\n<p style=\"padding-left: 30px;\">Problem, feste Nahrung zu sich zu nehmen<\/p>\n<p style=\"padding-left: 30px;\">Gef\u00fchl, die Nahrung stecke fest<\/p>\n<p style=\"padding-left: 30px;\">Erbrechen, Aufsto\u00dfen, galliges Erbrechen<\/p>\n<p style=\"padding-left: 30px;\">\u00c4nderung der Symptome bei Wechsel der K\u00f6rperlage oder K\u00f6rperhaltung<\/p>\n<p style=\"padding-left: 30px;\">Reizdarmbeschwerden: Obstipation im Wechsel mit Durchf\u00e4llen<\/p>\n<p style=\"padding-left: 30px;\">Schw\u00e4che der Magen- und Darmperistaltik<\/p>\n<p style=\"padding-left: 30px;\">Hakenmagen, der manchmal bis weit unter den Nabel reicht<\/p>\n<p style=\"padding-left: 30px;\">anhaltende \u00dcbelkeit, besonders wenn durch Nahrungsaufnahme provoziert<\/p>\n<p style=\"padding-left: 30px;\">Inappetenz (Appetitlosigkeit \/schnelle S\u00e4ttigung bei unzureichender Nahrungsaufnahme)<\/p>\n<p style=\"padding-left: 30px;\">starker, ungewollter Gewichtsverlust<\/p>\n<p style=\"padding-left: 30px;\">H\u00e4morrhoiden \/ Darmblutung (wenn ungekl\u00e4rt nach Darmspiegelung)<\/p>\n<p style=\"padding-left: 30px;\">schwerer Magens\u00e4urer\u00fcckfluss (gastro-oesophagealer Reflux), wenn nach Magenspiegelung und ad\u00e4quater Therapie der gew\u00f6hnlichen Ursachen keine Besserung einttritt<\/p>\n<p style=\"padding-left: 30px;\">massive Auftreibung des Bauches nach dem Essen<\/p>\n<p>\u00a0 \u00a0 \u00a0 \u00a0<a href=\"https:\/\/scholbach.de\/post-prandial-pain-in-the-right-upper-abdomen-due-to-a-newly-detected-compression-syndrome\">&#8222;Gastroparese&#8220;<\/a><\/p>\n<p><a href=\"https:\/\/scholbach.de\/post-prandial-pain-in-the-right-upper-abdomen-due-to-a-newly-detected-compression-syndrome\">Rechtsseitige R\u00fcckenschmerzen nach dem Essen<\/a><\/p>\n<p><a href=\"https:\/\/scholbach.de\/post-prandial-pain-in-the-right-upper-abdomen-due-to-a-newly-detected-compression-syndrome\">Schmerzen im rechten mittleren Bauchraum nach einer Mahlzeit\u00a0<\/a><\/p>\n<h2><a name=\"vegetative Beschwerden\"><\/a> vegetative Beschwerden<\/h2>\n<p style=\"padding-left: 30px;\">\u00dcbelkeit<\/p>\n<p style=\"padding-left: 30px;\">Schwindel<\/p>\n<p style=\"padding-left: 30px;\">Herzrasen<\/p>\n<p style=\"padding-left: 30px;\">pl\u00f6tzliche Durchfallepisoden<\/p>\n<p style=\"padding-left: 30px;\">Blutdruckschwankungen<\/p>\n<p style=\"padding-left: 30px;\">Ohnmachtsanf\u00e4lle<\/p>\n<p style=\"padding-left: 30px;\">Schwarzwerden vor den Augen<\/p>\n<p style=\"padding-left: 30px;\">Schwei\u00dfausbr\u00fcche, insbesondere nach Druck auf den Oberbauch<\/p>\n<p style=\"padding-left: 30px;\">gest\u00f6rte Darmperistaltik<\/p>\n<p style=\"padding-left: 30px;\">Appetitlosigkeit<\/p>\n<p style=\"padding-left: 30px;\">Brechreiz, Aufsto\u00dfen<\/p>\n<p style=\"padding-left: 30px;\">Gewichtsabnahme<\/p>\n<p style=\"padding-left: 30px;\">st\u00e4ndiger Harndrang &#8211; nur am Tage<\/p>\n<p style=\"padding-left: 30px;\">Kopfschmerzen<\/p>\n<p style=\"padding-left: 30px;\">Benommenheit<\/p>\n<p><a href=\"#anfang\">zum Anfang zur\u00fcck<\/a><\/p>\n<h2><a id=\"Genitale\"><\/a>Genitale<\/h2>\n<p style=\"padding-left: 40px;\">Schmerzen w\u00e4hrend oder nach dem Geschlechtsverkehr &#8211; Dyspareunie<\/p>\n<p style=\"padding-left: 40px;\">Anschwellen der Schamlippen oder Gef\u00fchl des Anschwellens<\/p>\n<p style=\"padding-left: 40px;\">unangenehme, h\u00e4ufige, seltsame, unmotivierte sexuelle Erregung<\/p>\n<p style=\"padding-left: 40px;\">Kribbeln, Brennen, Taubheitsgef\u00fchle an den \u00e4u\u00dferen Genitalien (oft auch in der Scheide)<\/p>\n<p style=\"padding-left: 40px;\">Schmerzen an der Klitoris (beim Mann entsprechend an der Eichel des Penis)<\/p>\n<p style=\"padding-left: 40px;\">erektile Dysfunktion<\/p>\n<p style=\"padding-left: 40px;\">hervortretende Venen an den Schamlippen und inneren Oberschenkeln<\/p>\n<p style=\"padding-left: 40px;\">starke \/ schmerzhafte Menstruation<\/p>\n<p style=\"padding-left: 40px;\">massive Blutverluste w\u00e4hrend der Menstruation<\/p>\n<p style=\"padding-left: 40px;\">nicht-menstruelle vaginale Blutungen (manchmal auch nach Hysterektomie)<\/p>\n<p style=\"padding-left: 40px;\">Blutungen nach dem Geschlechtsverkehr (zum Ausschluss von Geb\u00e4rmutterhalskrebs immer Gyn\u00e4kologen konsultieren!)<\/p>\n<p style=\"padding-left: 40px;\">Varikozele (vergr\u00f6\u00dferte Venen um die Hoden im Hodensack)<\/p>\n<p style=\"padding-left: 40px;\">Zunehmende Beschwerden im Genitalbereich beim Sitzen oder Stehen f\u00fcr eine bestimmte Zeit<\/p>\n<p><a href=\"#anfang\">back to the beginning<\/a><\/p>\n<h2><a name=\"Becken\"><\/a> Becken<\/h2>\n<p style=\"padding-left: 30px;\">Menstruationsschmerzen<\/p>\n<p style=\"padding-left: 30px;\"><a href=\"https:\/\/www.jstage.jst.go.jp\/article\/biomedres\/39\/6\/39_269\/_article\/-char\/ja\/\">Harndrang<\/a><\/p>\n<p style=\"padding-left: 30px;\">Brennen beim Wasserlassen, h\u00e4ufig wiederkehrend,\u00a0 nach Ausschluss einer Harnwegsinfektion<\/p>\n<p style=\"padding-left: 30px;\">Blut im Urin (sichtbar oder nur im Labor nachweisbar)<\/p>\n<p style=\"padding-left: 30px;\">Schmerzen<\/p>\n<p style=\"padding-left: 60px;\">beim Geschlechtsverkehr<\/p>\n<p style=\"padding-left: 60px;\">bei leichtem Druck auf den Unterbauch<\/p>\n<p style=\"padding-left: 60px;\">in die Genitalien ausstrahlend<\/p>\n<p style=\"padding-left: 60px;\">im Dammbereich<\/p>\n<p style=\"padding-left: 60px;\">beim Stuhlgang<\/p>\n<p style=\"padding-left: 60px;\">beim Wasserlassen<\/p>\n<p style=\"padding-left: 60px;\">unertr\u00e4gliche Schmerzen unterhalb des Nabels<\/p>\n<p style=\"padding-left: 30px;\">Besserung der Schmerzen beim Zusammenkr\u00fcmmen, beim Anziehen der Beine, beim Hochlegen der Beine<\/p>\n<p style=\"padding-left: 30px;\">Zunahme der Schmerzen beim Stehen, Laufen oder psychischem Stress<\/p>\n<p style=\"padding-left: 30px;\">Schmerzen in der Region des Blinddarmes nach Ausschluss gew\u00f6hnlicher Ursachen<\/p>\n<p style=\"padding-left: 30px;\">Endometrioseschmerzen, die nicht auf die Behandlung ansprechen<\/p>\n<p><a href=\"#anfang\">zum Anfang zur\u00fcck<\/a><\/p>\n<p>&nbsp;<\/p>\n<h2><a name=\"Brustkorb\"><\/a> Brustkorb<\/h2>\n<p style=\"padding-left: 30px;\">Schmerzen im Thorax: hinter dem Brustbein, in der Herzgegend<\/p>\n<p style=\"padding-left: 30px;\">Atembehinderung: nicht tief genug einatmen k\u00f6nnen<\/p>\n<p style=\"padding-left: 30px;\">Asthma, was nicht auf die Asthmatherapie anspricht<\/p>\n<p style=\"padding-left: 30px;\">Asthma unklarer Ursache, insbesondere schwere Luftnotattacken, die als Asthmaattacken gedeutet werden<\/p>\n<p style=\"padding-left: 30px;\">pl\u00f6tzliches Herzrasen bei Lagewechsel oder nach dem Essen<\/p>\n<p style=\"padding-left: 30px;\">posturales Tachykardiesyndrom<\/p>\n<p style=\"padding-left: 30px;\">blockierte Einatmung<\/p>\n<p><a href=\"#anfang\">zum Anfang zur\u00fcck<\/a><\/p>\n<p>&nbsp;<\/p>\n<h2><a name=\"Kopf\"><\/a> Kopf<\/h2>\n<p style=\"padding-left: 60px;\">Vorbemerkung: bei schweren und fortschreitenden Symptomen sollte immer eine gr\u00fcndliche Diagnostik durch Neurologen, HNO-, Augenarzt und Radiologen vorausgehen<\/p>\n<p style=\"padding-left: 30px;\">chronische Kopfschmerzen bei chronischen Bauchschmerzen<\/p>\n<p style=\"padding-left: 30px;\">behinderte Nasenatmung morgens, die nach dem Aufstehen bald verschwindet<\/p>\n<p style=\"padding-left: 30px;\">Nasenbluten unklarer Ursache<\/p>\n<p style=\"padding-left: 30px;\">Migr\u00e4ne<\/p>\n<p style=\"padding-left: 30px;\">Nackenkopfschmerzen, Schmerzen, die sich, vom Nacken kommend, \u00fcber den ganzen Kopf ausbreiten<\/p>\n<p style=\"padding-left: 30px;\">Schwindel unklarer Ursache<\/p>\n<p><a href=\"#anfang\">zum Anfang zur\u00fcck<\/a><\/p>\n<p>&nbsp;<\/p>\n<h2><a name=\"R\u00fccken\"><\/a> R\u00fccken<\/h2>\n<p style=\"padding-left: 30px;\">R\u00fcckenschmerzen, v.a. links<\/p>\n<p style=\"padding-left: 30px;\">Skoliose<\/p>\n<p style=\"padding-left: 30px;\">schwere Lordose<\/p>\n<p style=\"padding-left: 30px;\">pulsierende Schmerzen<\/p>\n<p><a href=\"#anfang\">zum Anfang zur\u00fcck<\/a><\/p>\n<p>&nbsp;<\/p>\n<h2><a name=\"Beine\"><\/a>Beine<\/h2>\n<p style=\"padding-left: 30px;\">Schw\u00e4che und L\u00e4hmung der Beine &#8211; hier steht selbstverst\u00e4ndlich die neurologische und radiologische Diagnostik voran<\/p>\n<p style=\"padding-left: 30px;\">Schwellung der Beine oder F\u00fc\u00dfe &#8211; v.a. links, sp\u00e4ter oft auch rechts<\/p>\n<p style=\"padding-left: 30px;\">Krampfadern, v.a. links, sp\u00e4ter oft auch rechts<\/p>\n<p style=\"padding-left: 30px;\">Schweregef\u00fchl<\/p>\n<p style=\"padding-left: 30px;\">Kribbeln, Taubheit &#8211; hier geht selbstverst\u00e4ndlich die neurologische Diagnostik voraus<\/p>\n<p style=\"padding-left: 30px;\">Thrombosen<\/p>\n<p>\u00a0\u00a0\u00a0\u00a0\u00a0\u00a0 Unruhige Beine &#8211; Restless-Leg-Syndrom<\/p>\n<p><a href=\"#anfang\">zum Anfang zur\u00fcck<\/a><\/p>\n<p>&nbsp;<\/p>","protected":false},"excerpt":{"rendered":"<p>Bei folgenden oft chronischen und ausgepr\u00e4gten Symptomen sollte eine funktionelle, quantitative Farbduplexsonografie zum Nachweis oder Ausschluss von Gef\u00e4\u00dfkompressionsyndromen vereinbart werden: Bauchraum, Becken, Genitale , Brustkorb, Kopf, R\u00fccken, Beine, vegetative Beschwerden Bauchraum chronische Schmerzen, vor allem im Oberbauch, unter dem Brustbein Flankenschmerzen &#8211; besonders links Schmerzverst\u00e4rkung nach dem Essen Unf\u00e4higkeit, ausreichend zu essen Problem, feste Nahrung [&hellip;]<\/p>\n","protected":false},"author":5,"featured_media":0,"parent":2962,"menu_order":1,"comment_status":"closed","ping_status":"closed","template":"","meta":{"om_disable_all_campaigns":false,"footnotes":""},"class_list":["post-2853","page","type-page","status-publish","hentry"],"_links":{"self":[{"href":"https:\/\/scholbach.de\/de\/wp-json\/wp\/v2\/pages\/2853","targetHints":{"allow":["GET"]}}],"collection":[{"href":"https:\/\/scholbach.de\/de\/wp-json\/wp\/v2\/pages"}],"about":[{"href":"https:\/\/scholbach.de\/de\/wp-json\/wp\/v2\/types\/page"}],"author":[{"embeddable":true,"href":"https:\/\/scholbach.de\/de\/wp-json\/wp\/v2\/users\/5"}],"replies":[{"embeddable":true,"href":"https:\/\/scholbach.de\/de\/wp-json\/wp\/v2\/comments?post=2853"}],"version-history":[{"count":77,"href":"https:\/\/scholbach.de\/de\/wp-json\/wp\/v2\/pages\/2853\/revisions"}],"predecessor-version":[{"id":8923,"href":"https:\/\/scholbach.de\/de\/wp-json\/wp\/v2\/pages\/2853\/revisions\/8923"}],"up":[{"embeddable":true,"href":"https:\/\/scholbach.de\/de\/wp-json\/wp\/v2\/pages\/2962"}],"wp:attachment":[{"href":"https:\/\/scholbach.de\/de\/wp-json\/wp\/v2\/media?parent=2853"}],"curies":[{"name":"wp","href":"https:\/\/api.w.org\/{rel}","templated":true}]}}