{"id":24,"date":"2015-12-26T14:31:49","date_gmt":"2015-12-26T14:31:49","guid":{"rendered":"http:\/\/wp12612379.server-he.de\/?page_id=24"},"modified":"2024-11-18T13:19:59","modified_gmt":"2024-11-18T12:19:59","slug":"expertise","status":"publish","type":"page","link":"https:\/\/scholbach.de\/de\/expertise","title":{"rendered":"Expertise"},"content":{"rendered":"<p><\/p>\n<h1>Akademische Qualifikation<\/h1>\n<ul>\n<li><a href=\"https:\/\/scholbach.de\/expertise\/publikationen\">Liste der eigenen Publikationen<\/a><\/li>\n<li>Facharzt f\u00fcr Kinder- und Jugendmedizin<\/li>\n<li>Promotion mit der Arbeit <em>Nachweis von Mediatoren zellvermittelter Immunreaktionen mit Hilfe eines optimierten, spektrophotometrisch ausgewerteten NBT-Tests<\/em><\/li>\n<li>Habilitation mit der Arbeit <em>Duplexsonografische Untersuchungen der Nieren gesunder Kinder und von Kindern mit h\u00e4molytisch-ur\u00e4mischem Syndrom<\/em><\/li>\n<li>Venia legendi der Universit\u00e4t Leipzig<\/li>\n<li>Professor der Technischen Universit\u00e4t Dresden<\/li>\n<li>Leiter internationaler Studien<\/li>\n<li><a href=\"index.php\/profil\/publikationen\/\">\u00dcber 100 internationale wissenschaftliche Publikationen und Buchbeitr\u00e4ge<\/a><\/li>\n<li>Einf\u00fchrung der <a href=\"http:\/\/www.chameleon-software.de\">PixelFlux-Methode<\/a>, damit weltweit erste Gewebsperfusionsmessungen mit Ultraschall<\/li>\n<\/ul>\n<h1>Zertifikate<\/h1>\n<ul>\n<li>Bis zum Ausscheiden aus der DEGUM am 31.12.2023: Ausbilder der <a href=\"http:\/\/www.degum.de\/index.html\">Deutschen Gesellschaft f\u00fcr Ultraschall in der Medizin (DEGUM)<\/a> <a href=\"http:\/\/www.degum.de\/aktivitaeten\/qualitaetssicherung.html\">Stufe III (&#8222;spezialisierte, wissenschaftlich orientierte Fachkompetenz f\u00fcr besondere Fragestellungen&#8220;)<\/a><\/li>\n<\/ul>\n<h1>Vortr\u00e4ge<\/h1>\n<p>Vortr\u00e4ge und Pr\u00e4sentationen auf<\/p>\n<ul>\n<li>Weltkongressen f\u00fcr Ultraschall und Ultraschall in der Geburtshilfe<\/li>\n<li>Europ\u00e4ischen Nierenkongressen<\/li>\n<li>Deutschen, Europ\u00e4ischen und Internationalen Ultraschallkongressen<\/li>\n<li>Kongressen f\u00fcr Kindermedizin<\/li>\n<li>Einladungsvortr\u00e4ge im Ausland (China, Kanada, Schweiz, Belgien, Norwegen, Taiwan)<\/li>\n<\/ul>\n<h1>Preise<\/h1>\n<ul>\n<li><a href=\"https:\/\/scholbach.de\/efsumb-award-2015-umbilical-vein-vasomotion-detection-and-measurements-by-means-3d-pixelflux-measurements-in-fetuses-of-the-17th-to-20th-gestional-week\">Preistr\u00e4ger der Europ\u00e4ischen Ultraschallgesellschaft 2015 (EFSUMB)<\/a><\/li>\n<li>Mehrfacher Preistr\u00e4ger der Deutschen Ultraschallgesellschaft (DEGUM)<\/li>\n<li>Arthur-Schlossmann-Preis und Posterpreise der S\u00e4chsisch-Th\u00fcringischen Gesellschaft f\u00fcr Kinder- und Jugendmedizin und Kinderchirurgie e.V.<\/li>\n<\/ul>\n<p><\/p>","protected":false},"excerpt":{"rendered":"<p>Akademische Qualifikation Liste der eigenen Publikationen Facharzt f\u00fcr Kinder- und Jugendmedizin Promotion mit der Arbeit Nachweis von Mediatoren zellvermittelter Immunreaktionen mit Hilfe eines optimierten, spektrophotometrisch ausgewerteten NBT-Tests Habilitation mit der Arbeit Duplexsonografische Untersuchungen der Nieren gesunder Kinder und von Kindern mit h\u00e4molytisch-ur\u00e4mischem Syndrom Venia legendi der Universit\u00e4t Leipzig Professor der Technischen Universit\u00e4t Dresden Leiter internationaler [&hellip;]<\/p>\n","protected":false},"author":4,"featured_media":0,"parent":0,"menu_order":6,"comment_status":"closed","ping_status":"closed","template":"","meta":{"om_disable_all_campaigns":false,"footnotes":""},"class_list":["post-24","page","type-page","status-publish","hentry"],"_links":{"self":[{"href":"https:\/\/scholbach.de\/de\/wp-json\/wp\/v2\/pages\/24","targetHints":{"allow":["GET"]}}],"collection":[{"href":"https:\/\/scholbach.de\/de\/wp-json\/wp\/v2\/pages"}],"about":[{"href":"https:\/\/scholbach.de\/de\/wp-json\/wp\/v2\/types\/page"}],"author":[{"embeddable":true,"href":"https:\/\/scholbach.de\/de\/wp-json\/wp\/v2\/users\/4"}],"replies":[{"embeddable":true,"href":"https:\/\/scholbach.de\/de\/wp-json\/wp\/v2\/comments?post=24"}],"version-history":[{"count":52,"href":"https:\/\/scholbach.de\/de\/wp-json\/wp\/v2\/pages\/24\/revisions"}],"predecessor-version":[{"id":8920,"href":"https:\/\/scholbach.de\/de\/wp-json\/wp\/v2\/pages\/24\/revisions\/8920"}],"wp:attachment":[{"href":"https:\/\/scholbach.de\/de\/wp-json\/wp\/v2\/media?parent=24"}],"curies":[{"name":"wp","href":"https:\/\/api.w.org\/{rel}","templated":true}]}}