{"id":2360,"date":"2018-09-19T17:33:39","date_gmt":"2018-09-19T17:33:39","guid":{"rendered":"http:\/\/scholbach.de\/?page_id=2360"},"modified":"2020-12-04T20:27:26","modified_gmt":"2020-12-04T20:27:26","slug":"quantifizierung-der-gefaesskompressionssyndrome-mit-der-pixelflux-technik","status":"publish","type":"page","link":"https:\/\/scholbach.de\/de\/wissenschaft\/deutsch-ultraschalldiagnostik\/deutsch-gefaskompressionen\/nussknacker\/quantifizierung-der-gefaesskompressionssyndrome-mit-der-pixelflux-technik","title":{"rendered":"Quantifizierung der Gef\u00e4\u00dfkompressionssyndrome mit der PixelFlux-Technik"},"content":{"rendered":"<p>Die einzelnen Gef\u00e4\u00dfkompressionen im Bauchraum beeinflussen sich durch Kollateralkreisl\u00e4ufe gegenseitig. Die enorme Volumenbelastung dieser Kreisl\u00e4ufe durch die Stauung der linken Nierenvene kann nur mit der PixelFlux-Technik zuverl\u00e4ssig gemessen werden, was entscheidend das gesamte Therapiekonzept beeinflusst.<\/p>\n<p><a href=\"https:\/\/scholbach.de\/wp-content\/uploads\/2018\/09\/PixelFlux-Measurements-for-evaluation-of-left-renal-vein-compression-aka-Nutcracker-syndrome-EUROSON-September-2018.pptx\">PixelFlux Measurements for evaluation of left renal vein compression aka Nutcracker-syndrome EUROSON September 2018<\/a><\/p>","protected":false},"excerpt":{"rendered":"<p>Die einzelnen Gef\u00e4\u00dfkompressionen im Bauchraum beeinflussen sich durch Kollateralkreisl\u00e4ufe gegenseitig. Die enorme Volumenbelastung dieser Kreisl\u00e4ufe durch die Stauung der linken Nierenvene kann nur mit der PixelFlux-Technik zuverl\u00e4ssig gemessen werden, was entscheidend das gesamte Therapiekonzept beeinflusst. PixelFlux Measurements for evaluation of left renal vein compression aka Nutcracker-syndrome EUROSON September 2018<\/p>\n","protected":false},"author":5,"featured_media":0,"parent":225,"menu_order":2,"comment_status":"closed","ping_status":"closed","template":"","meta":{"om_disable_all_campaigns":false,"footnotes":""},"class_list":["post-2360","page","type-page","status-publish","hentry"],"_links":{"self":[{"href":"https:\/\/scholbach.de\/de\/wp-json\/wp\/v2\/pages\/2360","targetHints":{"allow":["GET"]}}],"collection":[{"href":"https:\/\/scholbach.de\/de\/wp-json\/wp\/v2\/pages"}],"about":[{"href":"https:\/\/scholbach.de\/de\/wp-json\/wp\/v2\/types\/page"}],"author":[{"embeddable":true,"href":"https:\/\/scholbach.de\/de\/wp-json\/wp\/v2\/users\/5"}],"replies":[{"embeddable":true,"href":"https:\/\/scholbach.de\/de\/wp-json\/wp\/v2\/comments?post=2360"}],"version-history":[{"count":10,"href":"https:\/\/scholbach.de\/de\/wp-json\/wp\/v2\/pages\/2360\/revisions"}],"predecessor-version":[{"id":6177,"href":"https:\/\/scholbach.de\/de\/wp-json\/wp\/v2\/pages\/2360\/revisions\/6177"}],"up":[{"embeddable":true,"href":"https:\/\/scholbach.de\/de\/wp-json\/wp\/v2\/pages\/225"}],"wp:attachment":[{"href":"https:\/\/scholbach.de\/de\/wp-json\/wp\/v2\/media?parent=2360"}],"curies":[{"name":"wp","href":"https:\/\/api.w.org\/{rel}","templated":true}]}}