{"id":225,"date":"2016-01-24T22:03:08","date_gmt":"2016-01-24T22:03:08","guid":{"rendered":"http:\/\/wp12612379.server-he.de\/?page_id=225"},"modified":"2021-09-11T10:29:39","modified_gmt":"2021-09-11T10:29:39","slug":"nussknacker","status":"publish","type":"page","link":"https:\/\/scholbach.de\/de\/wissenschaft\/deutsch-ultraschalldiagnostik\/deutsch-gefaskompressionen\/nussknacker","title":{"rendered":"Das sogenannte Nussknackerph\u00e4nomen"},"content":{"rendered":"<p>Das <em>Nussknackerph\u00e4nomen (wiewohl eine <a href=\"https:\/\/scholbach.de\/wissenschaft\/deutsch-ultraschalldiagnostik\/deutsch-gefaskompressionen\/nussknacker\/das-nussknacker-syndrom-ist-eine-fehlbezeichnung\">ungl\u00fcckliche Bezeichnung<\/a>)\u00a0<\/em> ist ein sehr h\u00e4ufiges Gef\u00e4\u00dfkompressionsph\u00e4nomen. Ich habe in den letzten zwanzig Jahren hunderte Patienten mit diesem Krankheitsbild diagnostiziert und behandelt.<\/p>\n<p>Es entsteht &#8211; evolution\u00e4r betrachtet &#8211; durch den aufrechten Gang des Menschen und die sich dadurch <a href=\"https:\/\/scholbach.de\/bending-of-a-straight-vein-compels-its-narrowing\">entwicklende Kr\u00fcmmung<\/a> (\u201eLordose\u201c) der Lendenwirbels\u00e4ule. Bauchschmerzen, Flankenschmerzen (oft links), eine linkskonvexe Skoliose im Lendenbereich, Unterleibsschmerzen (bei Frauen und M\u00e4dchen meist \u00fcber dem linken Eierstock), R\u00fcckenschmerzen, Kopfschmerzen, H\u00e4morrhoiden und Schmerzen im Bereich des Genitales (Dyspareunie &#8211; Schmerzen beim Geschlechtsverkehr, Hodenschmerzen) sind die h\u00e4ufigsten Symptome. Die Diagnose kann mit Hilfe der funktionellen Farbdopplersonografie eindeutig gestellt werden.<\/p>\n<p>Vom <em>Nussknackersyndrom<\/em> wird dann gesprochen, wenn zu diesen Beschwerden noch eine <em>H\u00e4maturie<\/em> kommt, das hei\u00dft eine Blutausscheidung im Urin.<\/p>\n<p>Die folgende Abbildung zeigt eine schematische Darstellung einer zwischen Aorta und Arteria mesenterica superior gestauten Nierenvene: Der gr\u00f6\u00dfere blaue Kreis ist der Querschnitt der Aorta, der kleinere blaue Kreis repr\u00e4sentiert die Arteria Mesenterica. Rot dargestellt ist die Nierenvene, die von rechts kommend, zwischen beiden Arterien eingeklemmt wird, was in einer Stauung resultiert:<\/p>\n<p><img decoding=\"async\" class=\"alignnone size-large wp-image-331\" src=\"http:\/\/wp12612379.server-he.de\/wp-content\/uploads\/2016\/06\/Folie40-1024x576.jpg\" alt=\"Folie40\" width=\"100%\" height=\"auto\" srcset=\"https:\/\/scholbach.de\/wp-content\/uploads\/2016\/06\/Folie40-1024x576.jpg 1024w, https:\/\/scholbach.de\/wp-content\/uploads\/2016\/06\/Folie40-300x169.jpg 300w, https:\/\/scholbach.de\/wp-content\/uploads\/2016\/06\/Folie40.jpg 1280w\" sizes=\"(max-width: 1024px) 100vw, 1024px\" \/><\/p>\n<p>Das folgende Bild zeigt die gleiche Situation im Ultraschallbild:<\/p>\n<p><img decoding=\"async\" class=\"alignnone size-large wp-image-403\" src=\"http:\/\/wp12612379.server-he.de\/wp-content\/uploads\/2016\/01\/nussknacker_01.jpg\" alt=\"nussknacker_01\" width=\"100%\" height=\"auto\" srcset=\"https:\/\/scholbach.de\/wp-content\/uploads\/2016\/01\/nussknacker_01.jpg 467w, https:\/\/scholbach.de\/wp-content\/uploads\/2016\/01\/nussknacker_01-300x279.jpg 300w\" sizes=\"(max-width: 467px) 100vw, 467px\" \/><\/p>\n<h1>Umgehungskreisl\u00e4ufe und daraus resultierende Beschwerden<\/h1>\n<p>Da die Stauung der linken Nierenvene den normalen Blutfluss behindert, kommt es oft dazu, dass sich der Blutfluss Umgehungskreisl\u00e4ufe sucht. Dabei kommt es oft zur Stauung der Beckenorgane und daraus resultierend dort zu Funktionsst\u00f6rungen und Schmerzen. H\u00e4ufige Funktionsst\u00f6rungen sind Harndrang bei geringer Blasenf\u00fcllung, Menstruationsbeschwerden, schmerzhafte Stuhlentleerung bei H\u00e4morrhoiden, Genitalbeschwerden, Stauung der Bein- und Dammvenen links, sowie Thromboseneigung des linken Beines.<\/p>\n<p>Ein h\u00e4ufiger Umgehungskreislauf geht \u00fcber die linke Eierstockvene. Diese nimmt im Gegensatz zum Normalzustand Blut aus der gestauten linken Nierenvene auf und leitet dieses Blut r\u00fcckw\u00e4rts gerichtet \u00fcber den linken Eierstock in die Beckenvenen links, oder, da hier der Abfluss ebenfalls behindert sein kann, \u00fcber die Geb\u00e4rmutter auf die rechte Seite der unteren Hohlvene zu. Im Ultraschallbild erscheint sich die linke Eierstocksvene erweitert und oftmals geschl\u00e4ngelt &#8211; ein Resultat des durch die Stauung der Nierenverne erh\u00f6hten Drucks. Die Folge sind Schmerzen im linken Unterbauch.<\/p>\n<p><img decoding=\"async\" class=\"alignnone size-large wp-image-402\" src=\"http:\/\/wp12612379.server-he.de\/wp-content\/uploads\/2016\/01\/nussknacker_02.jpg\" alt=\"nussknacker_02\" width=\"100%\" height=\"auto\" srcset=\"https:\/\/scholbach.de\/wp-content\/uploads\/2016\/01\/nussknacker_02.jpg 824w, https:\/\/scholbach.de\/wp-content\/uploads\/2016\/01\/nussknacker_02-300x214.jpg 300w\" sizes=\"(max-width: 824px) 100vw, 824px\" \/><\/p>\n<p>Ein anderes Ph\u00e4nomen, das aufgrund der Umleitung des Nierenvenenbluts \u00fcber die linke Eierstockvene auftritt, sind Krampfadern an der Geb\u00e4rmutter (Uterus). Die Folge sind Schmerzen im Unterleib und links um Bauchraum:<\/p>\n<p><img decoding=\"async\" class=\"alignnone size-full wp-image-401\" src=\"http:\/\/wp12612379.server-he.de\/wp-content\/uploads\/2016\/01\/nussknacker_03.jpg\" alt=\"nussknacker_03\" width=\"100%\" height=\"auto\" srcset=\"https:\/\/scholbach.de\/wp-content\/uploads\/2016\/01\/nussknacker_03.jpg 323w, https:\/\/scholbach.de\/wp-content\/uploads\/2016\/01\/nussknacker_03-300x211.jpg 300w\" sizes=\"(max-width: 323px) 100vw, 323px\" \/><\/p>\n<p>Die folgende Animation veranschaulicht die Hindernisse des Blutflusses aus der linken Nieren beim Nu\u00dfknackersyndrom:<\/p>\n<div style=\"width: 640px;\" class=\"wp-video\"><!--[if lt IE 9]><script>document.createElement('video');<\/script><![endif]-->\n<video class=\"wp-video-shortcode\" id=\"video-225-1\" width=\"640\" height=\"360\" preload=\"metadata\" controls=\"controls\"><source type=\"video\/mp4\" src=\"http:\/\/wp12612379.server-he.de\/wp-content\/uploads\/2016\/01\/Nussknackerph\u00e4nomen.mp4?_=1\" \/><a href=\"http:\/\/wp12612379.server-he.de\/wp-content\/uploads\/2016\/01\/Nussknackerph\u00e4nomen.mp4\">http:\/\/wp12612379.server-he.de\/wp-content\/uploads\/2016\/01\/Nussknackerph\u00e4nomen.mp4<\/a><\/video><\/div>\n<h1>Therapeutische M\u00f6glichkeiten<\/h1>\n<p>Die Therapie beginnt mit \u00dcbungen zur Verminderung der Lordose und kann durch medikament\u00f6se oder auch gef\u00e4\u00dfchirurgische Eingriffe erg\u00e4nzt werden. Der Effekt aller Therapien kann sonografisch anhand der Durchblutung der linken Niere und der linken Nierenvene genau gemessen werden, sodass danach fundierte Empfehlungen zur Therapie gegeben werden k\u00f6nnen.<\/p>\n<p>&nbsp;<\/p>\n<p>Bitte beachten Sie unsere <a href=\"https:\/\/scholbach.de\/hinweise-zu-medizinischen-erlaeuterungen\">Hinweise zu den medizinischen Erl\u00e4uterungen<\/a> auf dieser Website.<\/p>","protected":false},"excerpt":{"rendered":"<p>Das Nussknackerph\u00e4nomen (wiewohl eine ungl\u00fcckliche Bezeichnung)\u00a0 ist ein sehr h\u00e4ufiges Gef\u00e4\u00dfkompressionsph\u00e4nomen. Ich habe in den letzten zwanzig Jahren hunderte Patienten mit diesem Krankheitsbild diagnostiziert und behandelt. Es entsteht &#8211; evolution\u00e4r betrachtet &#8211; durch den aufrechten Gang des Menschen und die sich dadurch entwicklende Kr\u00fcmmung (\u201eLordose\u201c) der Lendenwirbels\u00e4ule. Bauchschmerzen, Flankenschmerzen (oft links), eine linkskonvexe Skoliose im [&hellip;]<\/p>\n","protected":false},"author":4,"featured_media":0,"parent":66,"menu_order":1,"comment_status":"closed","ping_status":"closed","template":"","meta":{"om_disable_all_campaigns":false,"footnotes":""},"class_list":["post-225","page","type-page","status-publish","hentry"],"_links":{"self":[{"href":"https:\/\/scholbach.de\/de\/wp-json\/wp\/v2\/pages\/225","targetHints":{"allow":["GET"]}}],"collection":[{"href":"https:\/\/scholbach.de\/de\/wp-json\/wp\/v2\/pages"}],"about":[{"href":"https:\/\/scholbach.de\/de\/wp-json\/wp\/v2\/types\/page"}],"author":[{"embeddable":true,"href":"https:\/\/scholbach.de\/de\/wp-json\/wp\/v2\/users\/4"}],"replies":[{"embeddable":true,"href":"https:\/\/scholbach.de\/de\/wp-json\/wp\/v2\/comments?post=225"}],"version-history":[{"count":76,"href":"https:\/\/scholbach.de\/de\/wp-json\/wp\/v2\/pages\/225\/revisions"}],"predecessor-version":[{"id":6544,"href":"https:\/\/scholbach.de\/de\/wp-json\/wp\/v2\/pages\/225\/revisions\/6544"}],"up":[{"embeddable":true,"href":"https:\/\/scholbach.de\/de\/wp-json\/wp\/v2\/pages\/66"}],"wp:attachment":[{"href":"https:\/\/scholbach.de\/de\/wp-json\/wp\/v2\/media?parent=225"}],"curies":[{"name":"wp","href":"https:\/\/api.w.org\/{rel}","templated":true}]}}