{"id":2041,"date":"2018-03-25T16:13:20","date_gmt":"2018-03-25T16:13:20","guid":{"rendered":"http:\/\/scholbach.de\/?page_id=2041"},"modified":"2021-09-11T10:31:20","modified_gmt":"2021-09-11T10:31:20","slug":"beispiel-fuer-den-einfluss-der-lordose-auf-die-kompression-abdominaler-venen","status":"publish","type":"page","link":"https:\/\/scholbach.de\/de\/wissenschaft\/deutsch-ultraschalldiagnostik\/deutsch-gefaskompressionen\/lordogenetisches-mittellinensyndrom\/beispiel-fuer-den-einfluss-der-lordose-auf-die-kompression-abdominaler-venen","title":{"rendered":"Beispiel f\u00fcr den Einfluss der Lordose auf die Kompression abdominaler Venen"},"content":{"rendered":"<p>Auf dieser Seite gebe ich einige Beispiele f\u00fcr den Mechanismus der <a href=\"https:\/\/scholbach.de\/bending-of-a-straight-vein-compels-its-narrowing\">lordotischen Kompression von Strukturen vor der Wirbels\u00e4ule<\/a>, die zu den Bauchkompressionssyndromen f\u00fchren.<\/p>\n<p>Im ersten Beispiel komprimiert eine starke Lordose die Vena cava inferior bei einem Patienten:<\/p>\n<p>In den Farb-Doppler-Bildern ist der Blutfluss in verschiedenen Farben kodiert:<\/p>\n<p>Rot ist der Str\u00f6mung zur K\u00f6rperoberfl\u00e4che zugeordnet,<\/p>\n<p>Blau ist der Str\u00f6mung von der K\u00f6rperoberfl\u00e4che weg zugeordnet,<\/p>\n<p>Gr\u00fcn ist einer turbulenten Str\u00f6mung zugeordnet, die auf eine Beschleunigung oder pathologische St\u00f6rungen des Blutflusses hinweist.<\/p>\n<p>&nbsp;<\/p>\n<p><img loading=\"lazy\" decoding=\"async\" class=\"alignnone wp-image-2047\" src=\"https:\/\/scholbach.de\/wp-content\/uploads\/2018\/03\/vena-cava-inferior-compression.jpg\" alt=\"\" width=\"591\" height=\"241\" srcset=\"https:\/\/scholbach.de\/wp-content\/uploads\/2018\/03\/vena-cava-inferior-compression.jpg 1267w, https:\/\/scholbach.de\/wp-content\/uploads\/2018\/03\/vena-cava-inferior-compression-300x122.jpg 300w, https:\/\/scholbach.de\/wp-content\/uploads\/2018\/03\/vena-cava-inferior-compression-768x313.jpg 768w, https:\/\/scholbach.de\/wp-content\/uploads\/2018\/03\/vena-cava-inferior-compression-1024x417.jpg 1024w\" sizes=\"auto, (max-width: 591px) 100vw, 591px\" \/><\/p>\n<p><img loading=\"lazy\" decoding=\"async\" class=\"alignnone wp-image-2046\" src=\"https:\/\/scholbach.de\/wp-content\/uploads\/2018\/03\/flow-acceleration-in-compressed-vena-cava.jpg\" alt=\"\" width=\"568\" height=\"242\" srcset=\"https:\/\/scholbach.de\/wp-content\/uploads\/2018\/03\/flow-acceleration-in-compressed-vena-cava.jpg 1222w, https:\/\/scholbach.de\/wp-content\/uploads\/2018\/03\/flow-acceleration-in-compressed-vena-cava-300x128.jpg 300w, https:\/\/scholbach.de\/wp-content\/uploads\/2018\/03\/flow-acceleration-in-compressed-vena-cava-768x327.jpg 768w, https:\/\/scholbach.de\/wp-content\/uploads\/2018\/03\/flow-acceleration-in-compressed-vena-cava-1024x437.jpg 1024w\" sizes=\"auto, (max-width: 568px) 100vw, 568px\" \/><\/p>\n<p>Die obigen Bilder zeigen die Tatsache der Kompression der Hohlvene durch die lordotische Wirbels\u00e4ule. Am Anfang, wo die Vene noch breit ist, ist die Str\u00f6mung eher langsam -22 cm\/s. Ein paar Zentimeter h\u00f6her, wo die Turbulenzen auftreten, steigt die Str\u00f6mungsgeschwindigkeit schnell auf einen Wert, der achtmal h\u00f6her ist als normal.<\/p>\n<p>Das folgende Bild zeigt die starke Kompression der linken Nierenvene bei einem Nussknackersyndrom. Die Kompression wird durch die vordere Ausbuchtung der Lendenwirbels\u00e4ule ausge\u00fcbt und dr\u00fcckt von hinten gegen die Aorta. Die angehobene Aorta komprimiert dann die linke Nierenvene von hinten und verursacht so eine extreme Str\u00f6mungsbeschleunigung auf 346 cm\/s in einer Vene! Dies entspricht etwa dem 15-fachen der normalen Flie\u00dfgeschwindigkeit in der linken Nierenvene. Die folgenden Bilder zeigen die Wirkung der Dekompression durch aktive Dehnung der Lendenwirbels\u00e4ule, um der Lordose entgegenzuwirken und den lordotischen Druck zu reduzieren. Die Turbulenzen verschwinden fast vollst\u00e4ndig, und die Str\u00f6mungsgeschwindigkeit sinkt auf ein Neuntel der fr\u00fcheren Werte, was auf die Reduzierung des Venendrucks im gleichen Bereich hinweist.<\/p>\n<p>&nbsp;<\/p>\n<p><img loading=\"lazy\" decoding=\"async\" class=\"alignnone wp-image-2043\" src=\"https:\/\/scholbach.de\/wp-content\/uploads\/2018\/03\/compression-of-the-left-renal-vein-with-spectral-analyses.jpg\" alt=\"\" width=\"608\" height=\"242\" srcset=\"https:\/\/scholbach.de\/wp-content\/uploads\/2018\/03\/compression-of-the-left-renal-vein-with-spectral-analyses.jpg 1303w, https:\/\/scholbach.de\/wp-content\/uploads\/2018\/03\/compression-of-the-left-renal-vein-with-spectral-analyses-300x119.jpg 300w, https:\/\/scholbach.de\/wp-content\/uploads\/2018\/03\/compression-of-the-left-renal-vein-with-spectral-analyses-768x305.jpg 768w, https:\/\/scholbach.de\/wp-content\/uploads\/2018\/03\/compression-of-the-left-renal-vein-with-spectral-analyses-1024x407.jpg 1024w\" sizes=\"auto, (max-width: 608px) 100vw, 608px\" \/><\/p>\n<p><img loading=\"lazy\" decoding=\"async\" class=\"alignnone wp-image-2045\" src=\"https:\/\/scholbach.de\/wp-content\/uploads\/2018\/03\/decompression-of-the-left-renal-vein.jpg\" alt=\"\" width=\"607\" height=\"246\" srcset=\"https:\/\/scholbach.de\/wp-content\/uploads\/2018\/03\/decompression-of-the-left-renal-vein.jpg 1301w, https:\/\/scholbach.de\/wp-content\/uploads\/2018\/03\/decompression-of-the-left-renal-vein-300x122.jpg 300w, https:\/\/scholbach.de\/wp-content\/uploads\/2018\/03\/decompression-of-the-left-renal-vein-768x311.jpg 768w, https:\/\/scholbach.de\/wp-content\/uploads\/2018\/03\/decompression-of-the-left-renal-vein-1024x415.jpg 1024w\" sizes=\"auto, (max-width: 607px) 100vw, 607px\" \/><\/p>\n<p><img loading=\"lazy\" decoding=\"async\" class=\"alignnone wp-image-2044\" src=\"https:\/\/scholbach.de\/wp-content\/uploads\/2018\/03\/decompression-of-the-left-renal-vein-with-spectral-analysis.jpg\" alt=\"\" width=\"607\" height=\"245\" srcset=\"https:\/\/scholbach.de\/wp-content\/uploads\/2018\/03\/decompression-of-the-left-renal-vein-with-spectral-analysis.jpg 1293w, https:\/\/scholbach.de\/wp-content\/uploads\/2018\/03\/decompression-of-the-left-renal-vein-with-spectral-analysis-300x121.jpg 300w, https:\/\/scholbach.de\/wp-content\/uploads\/2018\/03\/decompression-of-the-left-renal-vein-with-spectral-analysis-768x309.jpg 768w, https:\/\/scholbach.de\/wp-content\/uploads\/2018\/03\/decompression-of-the-left-renal-vein-with-spectral-analysis-1024x413.jpg 1024w\" sizes=\"auto, (max-width: 607px) 100vw, 607px\" \/><\/p>\n<p>Die folgenden Bilder zeigen den Effekt des Drucks der Lendenwirbels\u00e4ule auf die Kompression der linken Nierenvene im arteriellen Nussknacker in einem horizontalen Schnitt.<\/p>\n<p>Die konventionelle Sichtweise des Nussknackersyndroms ist, dass die Vene durch beide Zweige des Nussknackers eingespannt wird &#8211; die obere mesenteriale Arterie vor der Vene sowie die Aorta hinter der Vene. Beobachtungen bei Patienten, bei denen die obere Mesenterialarterie zur Linderung eines Wilkie-Syndroms nach unten transplantiert wurde, zeigen jedoch deutlich, dass die Dekompression vom vorderen Zweig des Nussknackers &#8211; der oberen Mesenterialarterie &#8211; den Druck aus der linken Nierenvene nicht ausreichend reduziert. Der Hauptdruck wird von der Aorta von hinten ausge\u00fcbt!<\/p>\n<p>Im linken Bild befindet sich der Patient in einer entspannten, also &#8222;normalen&#8220; K\u00f6rperhaltung. Die linke Nierenvene wird durch die Aorta von hinten fast vollst\u00e4ndig komprimiert.<\/p>\n<p>Im rechten Bild reduziert der Patient den Druck der Lendenwirbels\u00e4ule, indem er sie dehnt. Der Effekt ist deutlich sichtbar: Die linke Nierenvene erweitert sich durch den verminderten Druck der Aorta. Da die Aorta fest mit der Lendenwirbels\u00e4ule verbunden ist, fungiert sie als Hebeb\u00fcgel. Der hohe Druck in der Aorta versteift das Gef\u00e4\u00df. So kann sie den Druck von der Lendenwirbels\u00e4ule auf Strukturen vor der Aorta \u00fcbertragen.<\/p>\n<p>&nbsp;<\/p>\n<p>Die Bewertung der Wirkung der Lordose auf das Gef\u00e4\u00dfkompressionssyndrom basiert auf der PixelFlux-Technik.<\/p>\n<p>Diese Methode erm\u00f6glicht eine beispiellose detaillierte Beschreibung der h\u00e4modynamischen Wirkung von Gef\u00e4\u00dfkompressionssyndromen und deren Behandlung.<\/p>\n<p>Das folgende Diagramm zeigt die Wirkung der Lordose auf die linke Nierenvene bei einem Patienten mit Nussknackersyndrom. Hier ist die Unterdr\u00fcckung der linken Nierenvenendurchblutung bei maximaler Lordose offensichtlich am st\u00e4rksten ausgepr\u00e4gt und wird durch H\u00fcftbeugung und damit Reduzierung der Lordose der Lendenwirbels\u00e4ule reduziert.<\/p>\n<p>&nbsp;<\/p>\n<p><img loading=\"lazy\" decoding=\"async\" class=\"aligncenter wp-image-2223\" src=\"https:\/\/scholbach.de\/wp-content\/uploads\/2018\/04\/PixelFlux-measurements-of-renal-perfusion-demonstrate-the-beneficial.jpg\" alt=\"\" width=\"663\" height=\"373\" srcset=\"https:\/\/scholbach.de\/wp-content\/uploads\/2018\/04\/PixelFlux-measurements-of-renal-perfusion-demonstrate-the-beneficial.jpg 1280w, https:\/\/scholbach.de\/wp-content\/uploads\/2018\/04\/PixelFlux-measurements-of-renal-perfusion-demonstrate-the-beneficial-300x169.jpg 300w, https:\/\/scholbach.de\/wp-content\/uploads\/2018\/04\/PixelFlux-measurements-of-renal-perfusion-demonstrate-the-beneficial-768x432.jpg 768w, https:\/\/scholbach.de\/wp-content\/uploads\/2018\/04\/PixelFlux-measurements-of-renal-perfusion-demonstrate-the-beneficial-1024x576.jpg 1024w\" sizes=\"auto, (max-width: 663px) 100vw, 663px\" \/><\/p>\n<p>Das linke Diagramm unten zeigt die Wirkung der linksven\u00f6sen Abflussbehinderung auf die Perfusion des Parenchyms der linken Niere (Links). Die PixelFlux-Messungen zeigen eine Unterdr\u00fcckung des Blutflusses in der linken Niere (Links) bis etwa 1\/10 bis 1\/4 der rechten Niere, abh\u00e4ngig von der Schicht der parenchymalen Gef\u00e4\u00dfe (proximaler vs. distaler Kortex).<\/p>\n<p>Nur die PixelFlux-Messungen k\u00f6nnen deutlich zeigen, dass das Nussknacker-Syndrom auf der linken Seite (Links) der Nierenperfusion eine enorme Wirkung hat. Solche Messungen sind eine unverzichtbare Voraussetzung f\u00fcr eine fundierte Entscheidung, ob sie durchgef\u00fchrt werden soll oder nicht.<\/p>\n<p>Im rechten Diagramm wird der Erfolg des gef\u00e4\u00dfchirurgischen Eingriffs durch die PixelFlux-Technik erneut demonstriert. Die Zunahme der linken Nierenperfusion kann nachgewiesen werden und erreicht den Faktor 4-10, wiederum abh\u00e4ngig von der Schicht der Kortikalis.<\/p>\n<p>&nbsp;<\/p>\n<p><img loading=\"lazy\" decoding=\"async\" class=\"aligncenter wp-image-2220\" src=\"https:\/\/scholbach.de\/wp-content\/uploads\/2018\/04\/Folie1-1.jpg\" alt=\"\" width=\"638\" height=\"359\" srcset=\"https:\/\/scholbach.de\/wp-content\/uploads\/2018\/04\/Folie1-1.jpg 1280w, https:\/\/scholbach.de\/wp-content\/uploads\/2018\/04\/Folie1-1-300x169.jpg 300w, https:\/\/scholbach.de\/wp-content\/uploads\/2018\/04\/Folie1-1-768x432.jpg 768w, https:\/\/scholbach.de\/wp-content\/uploads\/2018\/04\/Folie1-1-1024x576.jpg 1024w\" sizes=\"auto, (max-width: 638px) 100vw, 638px\" \/><\/p>","protected":false},"excerpt":{"rendered":"<p>Auf dieser Seite gebe ich einige Beispiele f\u00fcr den Mechanismus der lordotischen Kompression von Strukturen vor der Wirbels\u00e4ule, die zu den Bauchkompressionssyndromen f\u00fchren. Im ersten Beispiel komprimiert eine starke Lordose die Vena cava inferior bei einem Patienten: In den Farb-Doppler-Bildern ist der Blutfluss in verschiedenen Farben kodiert: Rot ist der Str\u00f6mung zur K\u00f6rperoberfl\u00e4che zugeordnet, Blau [&hellip;]<\/p>\n","protected":false},"author":5,"featured_media":0,"parent":1554,"menu_order":1,"comment_status":"closed","ping_status":"closed","template":"","meta":{"om_disable_all_campaigns":false,"footnotes":""},"class_list":["post-2041","page","type-page","status-publish","hentry"],"_links":{"self":[{"href":"https:\/\/scholbach.de\/de\/wp-json\/wp\/v2\/pages\/2041","targetHints":{"allow":["GET"]}}],"collection":[{"href":"https:\/\/scholbach.de\/de\/wp-json\/wp\/v2\/pages"}],"about":[{"href":"https:\/\/scholbach.de\/de\/wp-json\/wp\/v2\/types\/page"}],"author":[{"embeddable":true,"href":"https:\/\/scholbach.de\/de\/wp-json\/wp\/v2\/users\/5"}],"replies":[{"embeddable":true,"href":"https:\/\/scholbach.de\/de\/wp-json\/wp\/v2\/comments?post=2041"}],"version-history":[{"count":31,"href":"https:\/\/scholbach.de\/de\/wp-json\/wp\/v2\/pages\/2041\/revisions"}],"predecessor-version":[{"id":6545,"href":"https:\/\/scholbach.de\/de\/wp-json\/wp\/v2\/pages\/2041\/revisions\/6545"}],"up":[{"embeddable":true,"href":"https:\/\/scholbach.de\/de\/wp-json\/wp\/v2\/pages\/1554"}],"wp:attachment":[{"href":"https:\/\/scholbach.de\/de\/wp-json\/wp\/v2\/media?parent=2041"}],"curies":[{"name":"wp","href":"https:\/\/api.w.org\/{rel}","templated":true}]}}