{"id":20,"date":"2015-12-26T14:31:19","date_gmt":"2015-12-26T14:31:19","guid":{"rendered":"http:\/\/wp12612379.server-he.de\/?page_id=20"},"modified":"2022-01-19T17:39:36","modified_gmt":"2022-01-19T17:39:36","slug":"publikationen","status":"publish","type":"page","link":"https:\/\/scholbach.de\/de\/expertise\/publikationen","title":{"rendered":"Eigene Publikationen"},"content":{"rendered":"<p><\/p>\n<ul>\n<li><a href=\"https:\/\/scholbach.de\/?page_id=3887&amp;preview=true\">Publikationsliste<\/a><\/li>\n<li><a href=\"http:\/\/wp12612379.server-he.de\/wp-content\/uploads\/2015\/12\/Vascular-compression-syndromes.pdf\">Vascular Compression Syndromes<\/a><\/li>\n<li><a href=\"https:\/\/scholbach.de\/erstbeschreibung-des-mittellininesyndroms-aspirintherapie\">Inauguration des Mitteliniensyndroms als Folge des Nu\u00dfknackersyndroms<\/a><\/li>\n<li><a href=\"https:\/\/scholbach.de\/the-celiac-ganglion-artery-compression-syndrome\">Truncus coeliacus \/ Ganglion coeliacum Kompressionssyndrom &#8211; Englischsprachige \u00dcbersicht<\/a><\/li>\n<li><a href=\"https:\/\/scholbach.de\/pixelfluxmessung-der-nierengewebsperfusion\">Nierengewebsperfusionsmessung &#8211; Einf\u00fchrende \u00dcbersicht (Englisch)<\/a><\/li>\n<li><a href=\"https:\/\/scholbach.de\/erstmaliger-nachweis-von-fruehveraenderungen-der-nierenperfusion-bei-diabetes-mellitus\">Weltweit erstmaliger sonografischer Nachweis von Nierengef\u00e4\u00dfver\u00e4nderungen bei Kindern mit Diabetes mellitus<\/a><\/li>\n<li><a href=\"https:\/\/scholbach.de\/bornavirusinfektion-bei-kindern-und-jugendlichen\">Bornavirusinfektion bei Kindern und ihren Eltern<\/a><\/li>\n<li><a href=\"https:\/\/scholbach.de\/erstbeschreibung-der-bestimmung-des-gewebsperfusionsindexes-in-nierentranplantaten\">Erstbeschreibung der Bestimmung des Gewebsperfusionsindexes in Nierentranplantaten<\/a><\/li>\n<li><a href=\"https:\/\/scholbach.de\/erstmalige-darmwandperfusionsmessung-bei-m-crohn\">Erstmalige Darmwandperfusionsmessung bei Mb. Crohn<\/a><\/li>\n<li><a href=\"https:\/\/scholbach.de\/erstmalige-sonografische-gewebsperfusionmessung-der-nieren\">Erstmalige sonografische Gewebsperfusionmessung der Nieren<\/a><\/li>\n<li><a href=\"https:\/\/scholbach.de\/erste-sonografische-tumorperfusionmessung-und-korrelation-zur-tumoroxygenierung\">Erste sonografische Tumorperfusionmessung und Korrelation zur Tumoroxygenierung<\/a><\/li>\n<li><a href=\"https:\/\/scholbach.de\/erste-sonografische-gewebsperfusionsmessung-in-nierentransplantaten\">Erstmalige sonografische Gewebsperfusionmessung der Nierentransplantaten<\/a><\/li>\n<li><a href=\"https:\/\/scholbach.de\/vessel-stretching-in-nephroptosis-an-important-driver-of-complaints\">First description of nephroptotic vascular compression by stretching <\/a><a href=\"https:\/\/scholbach.de\/erste-sonografische-gewebsperfusionsmessung-in-nierentransplantaten\"> (2021 02 09)<\/a><\/li>\n<li><a href=\"https:\/\/scholbach.de\/muscle-cramps-caused-by-a-variable-pubic-compression-of-the-femoral-artery\">First description of hip joint position dependent pubic femoral artery compression (2021 09 11)\u00a0<\/a><\/li>\n<li>Eine Zusammenfassung von <a href=\"https:\/\/scholbach.de\/under-false-flag-the-so-called-nutcracker-syndrome-2\">30 Jahren eigener Erfahrungen mit der Nierenvenenkompression<\/a> wurde am 19.01.2022 hier ver\u00f6ffentlicht<\/li>\n<\/ul>\n<p>Sie wollen mehr? Dann nutzen Sie, wie die Profis an der Universit\u00e4t oder in der Klinik, die <a href=\"http:\/\/www.ncbi.nlm.nih.gov\/pubmed\/advanced\" target=\"_blank\" rel=\"noopener noreferrer\">pubmed-Datenbank<\/a>. Geben Sie ein Stichwort ein oder einen Autor und lesen Sie alle Zusammenfassungen der wissenschaftlichen Arbeiten kostenfrei. Au\u00dferdem finden Sie hier auch Volltextartikel zum Nulltarif. Haben Sie noch Fragen? Schreiben Sie mir eine E-Mail!<\/p>\n<p>Die PixelFlux-Technik ist eine neue Methode zur Messung der Durchblutung der Organe mittels Farb-Doppler-Ultraschall, <a href=\"https:\/\/scholar.google.de\/scholar?q=PixelFlux+blood+-stars+-sun+-magnetic&amp;hl=de&amp;as_sdt=1,5&amp;as_vis=1\">die Forscher auf der ganzen Welt zu eigenen Ver\u00f6ffentlichungen inspiriert hat.<\/a><\/p>","protected":false},"excerpt":{"rendered":"<p>Publikationsliste Vascular Compression Syndromes Inauguration des Mitteliniensyndroms als Folge des Nu\u00dfknackersyndroms Truncus coeliacus \/ Ganglion coeliacum Kompressionssyndrom &#8211; Englischsprachige \u00dcbersicht Nierengewebsperfusionsmessung &#8211; Einf\u00fchrende \u00dcbersicht (Englisch) Weltweit erstmaliger sonografischer Nachweis von Nierengef\u00e4\u00dfver\u00e4nderungen bei Kindern mit Diabetes mellitus Bornavirusinfektion bei Kindern und ihren Eltern Erstbeschreibung der Bestimmung des Gewebsperfusionsindexes in Nierentranplantaten Erstmalige Darmwandperfusionsmessung bei Mb. Crohn Erstmalige [&hellip;]<\/p>\n","protected":false},"author":4,"featured_media":0,"parent":24,"menu_order":2,"comment_status":"closed","ping_status":"closed","template":"","meta":{"om_disable_all_campaigns":false,"footnotes":""},"class_list":["post-20","page","type-page","status-publish","hentry"],"_links":{"self":[{"href":"https:\/\/scholbach.de\/de\/wp-json\/wp\/v2\/pages\/20","targetHints":{"allow":["GET"]}}],"collection":[{"href":"https:\/\/scholbach.de\/de\/wp-json\/wp\/v2\/pages"}],"about":[{"href":"https:\/\/scholbach.de\/de\/wp-json\/wp\/v2\/types\/page"}],"author":[{"embeddable":true,"href":"https:\/\/scholbach.de\/de\/wp-json\/wp\/v2\/users\/4"}],"replies":[{"embeddable":true,"href":"https:\/\/scholbach.de\/de\/wp-json\/wp\/v2\/comments?post=20"}],"version-history":[{"count":70,"href":"https:\/\/scholbach.de\/de\/wp-json\/wp\/v2\/pages\/20\/revisions"}],"predecessor-version":[{"id":6989,"href":"https:\/\/scholbach.de\/de\/wp-json\/wp\/v2\/pages\/20\/revisions\/6989"}],"up":[{"embeddable":true,"href":"https:\/\/scholbach.de\/de\/wp-json\/wp\/v2\/pages\/24"}],"wp:attachment":[{"href":"https:\/\/scholbach.de\/de\/wp-json\/wp\/v2\/media?parent=20"}],"curies":[{"name":"wp","href":"https:\/\/api.w.org\/{rel}","templated":true}]}}