{"id":17,"date":"2015-12-26T12:26:58","date_gmt":"2015-12-26T12:26:58","guid":{"rendered":"http:\/\/wp12612379.server-he.de\/?page_id=17"},"modified":"2020-03-30T13:12:45","modified_gmt":"2020-03-30T13:12:45","slug":"philosophie","status":"publish","type":"page","link":"https:\/\/scholbach.de\/de\/expertise\/philosophie","title":{"rendered":"Philosophie"},"content":{"rendered":"<p>Moderne Medizin ist individualisierte Medizin, die \u00fcber Organgrenzen hinausdenkt, therapeutische Entscheidungen auf eine gr\u00fcndliche Basis aus Krankengeschichte und nachvollziehbaren diagnostischen Schritten stellt und alle Aspekte des Leidens ber\u00fccksichtigt.<\/p>\n<p>Das beginnt mit der pers\u00f6nlichen Zuwendung in einem ausf\u00fchrlichen Dialog zur Art und Entstehungsgeschichte Ihrer Beschwerden und ber\u00fccksichtigt neben medizinischen auch soziale und psychische Aspekte der Erkrankung. Sie als Patient stehen im Zentrum aller Bem\u00fchungen und gestalten Diagnostik und Therapie durch Ihre \u00dcberlegungen nach gr\u00fcndlicher Aufkl\u00e4rung \u00fcber alle Befunde im Austausch mit dem Arzt.<\/p>\n<p>Individualisierte Behandlung setzt Verstehen voraus. Schon dies tr\u00e4gt erheblich zur Linderung der Beschwerden bei. Wenn Sie wissen und verstehen, warum Sie bestimmte Beschwerden haben, f\u00e4llt es Ihnen leichter, damit umzugehen. In vielen F\u00e4llen werden Sie erleichtert sein, weil die Beschwerden eine Ursache haben, die leicht zu beeinflussen ist.<\/p>\n<p>Individualisierte Diagnostik st\u00fctzt sich auf viele Methoden. Bildgebende Verfahren, sind besonders hilfreich, da sie Ihnen zeigen, wo das Problem sitzt und wie es sich konkret auswirkt. Unter diesen Verfahren nimmt die Ultraschalldiagnostik eine wichtige Stellung ein, da sie patientenschonend ist und funktionelle Aussagen erm\u00f6glicht.<\/p>","protected":false},"excerpt":{"rendered":"<p>Moderne Medizin ist individualisierte Medizin, die \u00fcber Organgrenzen hinausdenkt, therapeutische Entscheidungen auf eine gr\u00fcndliche Basis aus Krankengeschichte und nachvollziehbaren diagnostischen Schritten stellt und alle Aspekte des Leidens ber\u00fccksichtigt. Das beginnt mit der pers\u00f6nlichen Zuwendung in einem ausf\u00fchrlichen Dialog zur Art und Entstehungsgeschichte Ihrer Beschwerden und ber\u00fccksichtigt neben medizinischen auch soziale und psychische Aspekte der Erkrankung. [&hellip;]<\/p>\n","protected":false},"author":4,"featured_media":0,"parent":24,"menu_order":1,"comment_status":"closed","ping_status":"closed","template":"","meta":{"om_disable_all_campaigns":false,"footnotes":""},"class_list":["post-17","page","type-page","status-publish","hentry"],"_links":{"self":[{"href":"https:\/\/scholbach.de\/de\/wp-json\/wp\/v2\/pages\/17","targetHints":{"allow":["GET"]}}],"collection":[{"href":"https:\/\/scholbach.de\/de\/wp-json\/wp\/v2\/pages"}],"about":[{"href":"https:\/\/scholbach.de\/de\/wp-json\/wp\/v2\/types\/page"}],"author":[{"embeddable":true,"href":"https:\/\/scholbach.de\/de\/wp-json\/wp\/v2\/users\/4"}],"replies":[{"embeddable":true,"href":"https:\/\/scholbach.de\/de\/wp-json\/wp\/v2\/comments?post=17"}],"version-history":[{"count":12,"href":"https:\/\/scholbach.de\/de\/wp-json\/wp\/v2\/pages\/17\/revisions"}],"predecessor-version":[{"id":4380,"href":"https:\/\/scholbach.de\/de\/wp-json\/wp\/v2\/pages\/17\/revisions\/4380"}],"up":[{"embeddable":true,"href":"https:\/\/scholbach.de\/de\/wp-json\/wp\/v2\/pages\/24"}],"wp:attachment":[{"href":"https:\/\/scholbach.de\/de\/wp-json\/wp\/v2\/media?parent=17"}],"curies":[{"name":"wp","href":"https:\/\/api.w.org\/{rel}","templated":true}]}}