{"id":1584,"date":"2017-09-03T09:04:10","date_gmt":"2017-09-03T09:04:10","guid":{"rendered":"http:\/\/scholbach.de\/?page_id=1584"},"modified":"2019-02-05T19:42:30","modified_gmt":"2019-02-05T19:42:30","slug":"impfungen","status":"publish","type":"page","link":"https:\/\/scholbach.de\/de\/praxis\/deutsch-leistungsspektrum\/impfungen","title":{"rendered":"Impfungen"},"content":{"rendered":"<p>Wir impfen nach den <a href=\"https:\/\/www.slaek.de\/de\/03\/impfen.php\">Empfehlungen der S\u00e4chsischen Impfkommission (SIKO)<\/a>, die an manchen Stellen weiter gefa\u00dft sind als die Empfehlungen der St\u00e4ndigen Impfkommission (STIKO). In Deutschland gelten daher in verschiedenen Bundesl\u00e4ndern unterschiedliche Empfehlungen.<\/p>\n<p>&nbsp;<\/p>\n<p>Seit dem <a href=\"https:\/\/www.rki.de\/DE\/Content\/Kommissionen\/STIKO\/Empfehlungen\/Vorabinformation_HPV_Jungen.html;jsessionid=FFE5B96A210F67FC3C8633BB4636D10E.1_cid381#Start\">07.06.2018 empfielt die St\u00e4ndige Impfkommission die Impfung von Jungen gegen HPV<\/a>. Damit sollen <a href=\"https:\/\/www.aerztezeitung.de\/medizin\/krankheiten\/krebs\/gebaermutter-krebs\/article\/965687\/stiko-beschluss-hpv-impfung-jungen-empfohlen.html\">Krebserkrankungen des Penis, der Mundh\u00f6hle und des Anus bei M\u00e4nnern<\/a>, die durch da Humane Papillomavirus ausgel\u00f6st werden, verhindert werden. Bei der Pr\u00e4vention des Geb\u00e4rmutterhalskrebses, der ebenfalls vom HPV ausgel\u00f6st werden kann, hat die Impfung ihre Wirksamkeit berreits erwiesen.<\/p>\n<p>Fragen Sie Ihre Krankenkasse, ob sie die Kosten der Impfung schon \u00fcbernimmt, wie es die meisten Krankenkassen tun. Bei manchen Krankenkassen m\u00fcssen die Eltern finanzeiell in Vorleistung gehen und erhalten die Kosten f\u00fcr Impfstoff und Impfuntersuchung sowie die Impfung\u00a0 selbst nachtr\u00e4glich erstattet. Eine vrol\u00e4ufige \u00dcbersicht der Kassen, die die Kosten \u00fcbernehmen, finden Sie <a href=\"https:\/\/www.google.com\/url?sa=t&amp;rct=j&amp;q=&amp;esrc=s&amp;source=web&amp;cd=3&amp;ved=2ahUKEwi_mubblODdAhVjsYsKHSNsC2EQFjACegQIBxAC&amp;url=https%3A%2F%2Fwww.kinderaerzte-im-netz.de%2Ffileadmin%2Fpdf%2FHPV_Krankenkassenliste%2FUEbersicht_Kostenuebernahme_der_HPV-Impfung_Jungen_-_letzter_Stand.pdf&amp;usg=AOvVaw3rlX5M0kw7AaagfnJQjXz1\">hier<\/a>.<\/p>\n<p>&nbsp;<\/p>","protected":false},"excerpt":{"rendered":"<p>Wir impfen nach den Empfehlungen der S\u00e4chsischen Impfkommission (SIKO), die an manchen Stellen weiter gefa\u00dft sind als die Empfehlungen der St\u00e4ndigen Impfkommission (STIKO). In Deutschland gelten daher in verschiedenen Bundesl\u00e4ndern unterschiedliche Empfehlungen. &nbsp; Seit dem 07.06.2018 empfielt die St\u00e4ndige Impfkommission die Impfung von Jungen gegen HPV. Damit sollen Krebserkrankungen des Penis, der Mundh\u00f6hle und des [&hellip;]<\/p>\n","protected":false},"author":5,"featured_media":0,"parent":47,"menu_order":1,"comment_status":"closed","ping_status":"closed","template":"","meta":{"om_disable_all_campaigns":false,"footnotes":""},"class_list":["post-1584","page","type-page","status-publish","hentry"],"_links":{"self":[{"href":"https:\/\/scholbach.de\/de\/wp-json\/wp\/v2\/pages\/1584","targetHints":{"allow":["GET"]}}],"collection":[{"href":"https:\/\/scholbach.de\/de\/wp-json\/wp\/v2\/pages"}],"about":[{"href":"https:\/\/scholbach.de\/de\/wp-json\/wp\/v2\/types\/page"}],"author":[{"embeddable":true,"href":"https:\/\/scholbach.de\/de\/wp-json\/wp\/v2\/users\/5"}],"replies":[{"embeddable":true,"href":"https:\/\/scholbach.de\/de\/wp-json\/wp\/v2\/comments?post=1584"}],"version-history":[{"count":7,"href":"https:\/\/scholbach.de\/de\/wp-json\/wp\/v2\/pages\/1584\/revisions"}],"predecessor-version":[{"id":2904,"href":"https:\/\/scholbach.de\/de\/wp-json\/wp\/v2\/pages\/1584\/revisions\/2904"}],"up":[{"embeddable":true,"href":"https:\/\/scholbach.de\/de\/wp-json\/wp\/v2\/pages\/47"}],"wp:attachment":[{"href":"https:\/\/scholbach.de\/de\/wp-json\/wp\/v2\/media?parent=1584"}],"curies":[{"name":"wp","href":"https:\/\/api.w.org\/{rel}","templated":true}]}}