{"id":148,"date":"2016-01-12T16:50:10","date_gmt":"2016-01-12T16:50:10","guid":{"rendered":"http:\/\/wp12612379.server-he.de\/?page_id=148"},"modified":"2023-01-01T15:38:35","modified_gmt":"2023-01-01T14:38:35","slug":"impressum","status":"publish","type":"page","link":"https:\/\/scholbach.de\/ar\/impressum","title":{"rendered":"Impressum"},"content":{"rendered":"<p class=\"qtranxs-available-languages-message qtranxs-available-languages-message-ar\">\u0639\u0641\u0648\u0627\u060c \u0647\u0630\u0647 \u0627\u0644\u0645\u062f\u062e\u0644\u0629 \u0645\u0648\u062c\u0648\u062f\u0629 \u0641\u0642\u0637 \u0641\u064a <a href=\"https:\/\/scholbach.de\/de\/wp-json\/wp\/v2\/pages\/148\" class=\"qtranxs-available-language-link qtranxs-available-language-link-de\" title=\"Deutsch\">Deutsch<\/a>.<\/p><p><\/p>\n<h1>V.i.S.d.P.<\/h1>\n<p>Prof. Dr. med. habil. Thomas Scholbach<br \/>\nKonradstra\u00dfe 52<br \/>\n04315 Leipzig<\/p>\n<p>Prof. Scholbach ist Mitglied der <a href=\"https:\/\/www.slaek.de\/\">S\u00e4chsischen Landes\u00e4rztekammer<\/a> . Sie ist Ansprechpartner f\u00fcr allgemeine Fragen der medizinischen Versorgung, der Qualit\u00e4tssicherung, der Fort- und Weiterbildung.<\/p>\n<h1>Haftungsausschluss<\/h1>\n<h2>Haftung f\u00fcr Inhalte<\/h2>\n<p>Als Diensteanbieter sind wir gem\u00e4\u00df \u00a7 7 Abs.1 TMG f\u00fcr eigene Inhalte auf diesen Seiten nach den allgemeinen Gesetzen verantwortlich. Nach \u00a7\u00a7 8 bis 10 TMG sind wir als Diensteanbieter jedoch nicht verpflichtet, \u00fcbermittelte oder gespeicherte fremde Informationen zu \u00fcberwachen oder nach Umst\u00e4nden zu forschen, die auf eine rechtswidrige T\u00e4tigkeit hinweisen. Verpflichtungen zur Entfernung oder Sperrung der Nutzung von Informationen nach den allgemeinen Gesetzen bleiben hiervon unber\u00fchrt.<br \/>\nEine diesbez\u00fcgliche Haftung ist jedoch erst ab dem Zeitpunkt der Kenntnis einer konkreten Rechtsverletzung m\u00f6glich. Bei Bekanntwerden von entsprechenden Rechtsverletzungen werden wir diese Inhalte umgehend entfernen.<\/p>\n<h2>Haftung f\u00fcr Links<\/h2>\n<p>Unser Angebot enth\u00e4lt Links zu externen Webseiten Dritter, auf deren Inhalte wir keinen Einfluss haben. Deshalb k\u00f6nnen wir f\u00fcr diese fremden Inhalte auch keine Gew\u00e4hr \u00fcbernehmen. F\u00fcr die Inhalte der verlinkten Seiten ist stets der jeweilige Anbieter oder Betreiber der Seiten verantwortlich. Die verlinkten Seiten wurden zum Zeitpunkt der Verlinkung auf m\u00f6gliche Rechtsverst\u00f6\u00dfe \u00fcberpr\u00fcft. Rechtswidrige Inhalte waren zum Zeitpunkt der Verlinkung nicht erkennbar. Eine permanente inhaltliche Kontrolle der verlinkten Seiten ist jedoch ohne konkrete Anhaltspunkte einer Rechtsverletzung nicht zumutbar. Bei Bekanntwerden von Rechtsverletzungen werden wir derartige Links umgehend entfernen.<\/p>\n<h2>Urheberrecht<\/h2>\n<p>Die durch die Seitenbetreiber erstellten Inhalte und Werke auf diesen Seiten unterliegen dem deutschen Urheberrecht. Die Vervielf\u00e4ltigung, Bearbeitung, Verbreitung und jede Art der Verwertung au\u00dferhalb der Grenzen des Urheberrechtes bed\u00fcrfen der schriftlichen Zustimmung des jeweiligen Autors bzw. Erstellers. Downloads und Kopien dieser Seite sind nur f\u00fcr den privaten, nicht kommerziellen Gebrauch gestattet. Soweit die Inhalte auf dieser Seite nicht vom Betreiber erstellt wurden, werden die Urheberrechte Dritter beachtet. Insbesondere werden Inhalte Dritter als solche gekennzeichnet. Sollten Sie trotzdem auf eine Urheberrechtsverletzung aufmerksam werden, bitten wir um einen entsprechenden Hinweis.<br \/>\nBei Bekanntwerden von Rechtsverletzungen werden wir derartige Inhalte umgehend entfernen.<\/p>\n<p>&nbsp;<\/p>\n<h2>Gesetz \u00fcber die Werbung auf dem Gebiete des Heilwesens<\/h2>\n<p>Wir achten auf die Einhaltung der Vorschriften des <a href=\"https:\/\/www.gesetze-im-internet.de\/heilmwerbg\/__11.html\">\u00a7 11 des Gesetzes \u00fcber die Werbung auf dem Gebiete des Heilwesens<\/a>, welcher besagt (Hervorhebung vom Autor):<\/p>\n<div>\n<div class=\"jnhtml\">\n<div>\n<div class=\"jurAbsatz\">\n<p>(1) Au\u00dferhalb der Fachkreise darf f\u00fcr Arzneimittel, Verfahren, Behandlungen, Gegenst\u00e4nde oder andere Mittel nicht geworben werden<\/p>\n<dl>\n<dt>1.<\/dt>\n<dd>\n<div>(weggefallen)<\/div>\n<\/dd>\n<dt>2.<\/dt>\n<dd>\n<div>mit Angaben oder Darstellungen, die sich auf eine Empfehlung von Wissenschaftlern, von im Gesundheitswesen t\u00e4tigen Personen, von im Bereich der Tiergesundheit t\u00e4tigen Personen oder anderen Personen, die auf Grund ihrer Bekanntheit zum Arzneimittelverbrauch anregen k\u00f6nnen, beziehen,<\/div>\n<\/dd>\n<dt>3.<\/dt>\n<dd>\n<div>mit der Wiedergabe von Krankengeschichten sowie mit Hinweisen darauf, <span style=\"text-decoration: underline;\">wenn diese in missbr\u00e4uchlicher, absto\u00dfender oder irref\u00fchrender Weise erfolgt<\/span> oder durch eine ausf\u00fchrliche Beschreibung oder Darstellung zu einer falschen Selbstdiagnose verleiten kann,<\/div>\n<\/dd>\n<dt>4.<\/dt>\n<dd>\n<div>(weggefallen)<\/div>\n<\/dd>\n<dt>5.<\/dt>\n<dd>\n<div>mit einer bildlichen Darstellung, <span style=\"text-decoration: underline;\">die in missbr\u00e4uchlicher, absto\u00dfender oder irref\u00fchrender Weise<\/span> Ver\u00e4nderungen des menschlichen K\u00f6rpers auf Grund von Krankheiten oder Sch\u00e4digungen oder die Wirkung eines Arzneimittels im menschlichen K\u00f6rper oder in K\u00f6rperteilen verwendet,<\/div>\n<\/dd>\n<dt>6.<\/dt>\n<dd>\n<div>(weggefallen)<\/div>\n<\/dd>\n<dt>7.<\/dt>\n<dd>\n<div>mit Werbeaussagen, die nahelegen, dass die Gesundheit durch die Nichtverwendung des Arzneimittels beeintr\u00e4chtigt oder durch die Verwendung verbessert werden k\u00f6nnte,<\/div>\n<\/dd>\n<dt>8.<\/dt>\n<dd>\n<div>durch Werbevortr\u00e4ge, mit denen ein Feilbieten oder eine Entgegennahme von Anschriften verbunden ist,<\/div>\n<\/dd>\n<dt>9.<\/dt>\n<dd>\n<div>mit Ver\u00f6ffentlichungen, deren Werbezweck mi\u00dfverst\u00e4ndlich oder nicht deutlich erkennbar ist,<\/div>\n<\/dd>\n<dt>10.<\/dt>\n<dd>\n<div>(weggefallen)<\/div>\n<\/dd>\n<dt>11.<\/dt>\n<dd>\n<div>mit \u00c4u\u00dferungen Dritter, insbesondere mit Dank-, Anerkennungs- oder Empfehlungsschreiben, oder mit Hinweisen auf solche \u00c4u\u00dferungen, <span style=\"text-decoration: underline;\">wenn diese in missbr\u00e4uchlicher, absto\u00dfender oder irref\u00fchrender Weise erfolgen<\/span>,<\/div>\n<\/dd>\n<dt>12.<\/dt>\n<dd>\n<div>mit Werbema\u00dfnahmen, die sich ausschlie\u00dflich oder \u00fcberwiegend an Kinder unter 14 Jahren richten,<\/div>\n<\/dd>\n<dt>13.<\/dt>\n<dd>\n<div>mit Preisausschreiben, Verlosungen oder anderen Verfahren, deren Ergebnis vom Zufall abh\u00e4ngig ist, sofern diese Ma\u00dfnahmen oder Verfahren einer unzweckm\u00e4\u00dfigen oder \u00fcberm\u00e4\u00dfigen Verwendung von Arzneimitteln Vorschub leisten,<\/div>\n<\/dd>\n<dt>14.<\/dt>\n<dd>\n<div>durch die Abgabe von Arzneimitteln, deren Muster oder Proben oder durch Gutscheine daf\u00fcr,<\/div>\n<\/dd>\n<dt>15.<\/dt>\n<dd>\n<div>durch die nicht verlangte Abgabe von Mustern oder Proben von anderen Mitteln oder Gegenst\u00e4nden oder durch Gutscheine daf\u00fcr.<\/div>\n<\/dd>\n<\/dl>\n<p>F\u00fcr Medizinprodukte gilt Satz 1 Nr. 7 bis 9, 11 und 12 entsprechend. Ferner darf f\u00fcr die in \u00a7 1 Nummer 2 genannten operativen plastisch-chirurgischen Eingriffe nicht mit der Wirkung einer solchen Behandlung durch vergleichende Darstellung des K\u00f6rperzustandes oder des Aussehens vor und nach dem Eingriff geworben werden.<\/p>\n<\/div>\n<div class=\"jurAbsatz\">(2) Au\u00dferhalb der Fachkreise darf f\u00fcr Arzneimittel zur Anwendung bei Menschen nicht mit Angaben geworben werden, die nahe legen, dass die Wirkung des Arzneimittels einem anderen Arzneimittel oder einer anderen Behandlung entspricht oder \u00fcberlegen ist.<\/div>\n<\/div>\n<\/div>\n<\/div>\n<p>&nbsp;<\/p>\n<p><i>Quelle: <a href=\"http:\/\/www.e-recht24.de\/muster-disclaimer.html\" target=\"_blank\" rel=\"nofollow noopener\">eRecht24<\/a> ;<\/i><\/p>","protected":false},"excerpt":{"rendered":"<p>\u0639\u0641\u0648\u0627\u060c \u0647\u0630\u0647 \u0627\u0644\u0645\u062f\u062e\u0644\u0629 \u0645\u0648\u062c\u0648\u062f\u0629 \u0641\u0642\u0637 \u0641\u064a Deutsch. V.i.S.d.P. Prof. Dr. med. habil. Thomas Scholbach Konradstra\u00dfe 52 04315 Leipzig Prof. Scholbach ist Mitglied der S\u00e4chsischen Landes\u00e4rztekammer . Sie ist Ansprechpartner f\u00fcr allgemeine Fragen der medizinischen Versorgung, der Qualit\u00e4tssicherung, der Fort- und Weiterbildung. Haftungsausschluss Haftung f\u00fcr Inhalte Als Diensteanbieter sind wir gem\u00e4\u00df \u00a7 7 Abs.1 TMG f\u00fcr [&hellip;]<\/p>\n","protected":false},"author":4,"featured_media":0,"parent":0,"menu_order":0,"comment_status":"closed","ping_status":"closed","template":"","meta":{"om_disable_all_campaigns":false,"footnotes":""},"class_list":["post-148","page","type-page","status-publish","hentry"],"_links":{"self":[{"href":"https:\/\/scholbach.de\/ar\/wp-json\/wp\/v2\/pages\/148","targetHints":{"allow":["GET"]}}],"collection":[{"href":"https:\/\/scholbach.de\/ar\/wp-json\/wp\/v2\/pages"}],"about":[{"href":"https:\/\/scholbach.de\/ar\/wp-json\/wp\/v2\/types\/page"}],"author":[{"embeddable":true,"href":"https:\/\/scholbach.de\/ar\/wp-json\/wp\/v2\/users\/4"}],"replies":[{"embeddable":true,"href":"https:\/\/scholbach.de\/ar\/wp-json\/wp\/v2\/comments?post=148"}],"version-history":[{"count":12,"href":"https:\/\/scholbach.de\/ar\/wp-json\/wp\/v2\/pages\/148\/revisions"}],"predecessor-version":[{"id":7739,"href":"https:\/\/scholbach.de\/ar\/wp-json\/wp\/v2\/pages\/148\/revisions\/7739"}],"wp:attachment":[{"href":"https:\/\/scholbach.de\/ar\/wp-json\/wp\/v2\/media?parent=148"}],"curies":[{"name":"wp","href":"https:\/\/api.w.org\/{rel}","templated":true}]}}